{"id":217172,"date":"2023-08-29T16:57:28","date_gmt":"2023-08-29T16:57:28","guid":{"rendered":"https:\/\/encuadre.org\/encuentro2023\/?page_id=217172"},"modified":"2023-09-01T03:37:20","modified_gmt":"2023-09-01T03:37:20","slug":"coloquio","status":"publish","type":"page","link":"https:\/\/encuadre.org\/encuentro2023\/coloquio\/","title":{"rendered":"Coloquio"},"content":{"rendered":"\t\t<div data-elementor-type=\"wp-page\" data-elementor-id=\"217172\" class=\"elementor elementor-217172\">\n\t\t\t\t\t\t\t\t\t<section class=\"elementor-section elementor-top-section elementor-element elementor-element-b5384f2 elementor-section-height-min-height elementor-section-boxed elementor-section-height-default elementor-section-items-middle\" data-id=\"b5384f2\" data-element_type=\"section\" data-settings=\"{&quot;background_background&quot;:&quot;classic&quot;}\">\n\t\t\t\t\t\t\t<div class=\"elementor-background-overlay\"><\/div>\n\t\t\t\t\t\t\t<div class=\"elementor-container elementor-column-gap-default\">\n\t\t\t\t\t<div class=\"elementor-column elementor-col-100 elementor-top-column elementor-element elementor-element-3ee1649\" data-id=\"3ee1649\" data-element_type=\"column\">\n\t\t\t<div class=\"elementor-widget-wrap elementor-element-populated\">\n\t\t\t\t\t\t\t\t<div class=\"elementor-element elementor-element-827e7c1 elementor-widget elementor-widget-spacer\" data-id=\"827e7c1\" data-element_type=\"widget\" data-widget_type=\"spacer.default\">\n\t\t\t\t<div class=\"elementor-widget-container\">\n\t\t\t<style>\/*! elementor - v3.16.0 - 17-10-2023 *\/\n.elementor-column .elementor-spacer-inner{height:var(--spacer-size)}.e-con{--container-widget-width:100%}.e-con-inner>.elementor-widget-spacer,.e-con>.elementor-widget-spacer{width:var(--container-widget-width,var(--spacer-size));--align-self:var(--container-widget-align-self,initial);--flex-shrink:0}.e-con-inner>.elementor-widget-spacer>.elementor-widget-container,.e-con>.elementor-widget-spacer>.elementor-widget-container{height:100%;width:100%}.e-con-inner>.elementor-widget-spacer>.elementor-widget-container>.elementor-spacer,.e-con>.elementor-widget-spacer>.elementor-widget-container>.elementor-spacer{height:100%}.e-con-inner>.elementor-widget-spacer>.elementor-widget-container>.elementor-spacer>.elementor-spacer-inner,.e-con>.elementor-widget-spacer>.elementor-widget-container>.elementor-spacer>.elementor-spacer-inner{height:var(--container-widget-height,var(--spacer-size))}.e-con-inner>.elementor-widget-spacer.elementor-widget-empty,.e-con>.elementor-widget-spacer.elementor-widget-empty{position:relative;min-height:22px;min-width:22px}.e-con-inner>.elementor-widget-spacer.elementor-widget-empty .elementor-widget-empty-icon,.e-con>.elementor-widget-spacer.elementor-widget-empty .elementor-widget-empty-icon{position:absolute;top:0;bottom:0;left:0;right:0;margin:auto;padding:0;width:22px;height:22px}<\/style>\t\t<div class=\"elementor-spacer\">\n\t\t\t<div class=\"elementor-spacer-inner\"><\/div>\n\t\t<\/div>\n\t\t\t\t<\/div>\n\t\t\t\t<\/div>\n\t\t\t\t<div class=\"elementor-element elementor-element-792fb30 elementor-widget elementor-widget-image\" data-id=\"792fb30\" data-element_type=\"widget\" data-widget_type=\"image.default\">\n\t\t\t\t<div class=\"elementor-widget-container\">\n\t\t\t<style>\/*! elementor - v3.16.0 - 17-10-2023 *\/\n.elementor-widget-image{text-align:center}.elementor-widget-image a{display:inline-block}.elementor-widget-image a img[src$=\".svg\"]{width:48px}.elementor-widget-image img{vertical-align:middle;display:inline-block}<\/style>\t\t\t\t\t\t\t\t\t\t\t\t<img decoding=\"async\" loading=\"lazy\" width=\"739\" height=\"238\" src=\"https:\/\/encuadre.org\/encuentro2023\/wp-content\/uploads\/2023\/08\/coloquio2.png\" class=\"attachment-large size-large wp-image-217261\" alt=\"\" srcset=\"https:\/\/encuadre.org\/encuentro2023\/wp-content\/uploads\/2023\/08\/coloquio2.png 739w, https:\/\/encuadre.org\/encuentro2023\/wp-content\/uploads\/2023\/08\/coloquio2-300x97.png 300w\" sizes=\"(max-width: 739px) 100vw, 739px\" \/>\t\t\t\t\t\t\t\t\t\t\t\t\t\t\t<\/div>\n\t\t\t\t<\/div>\n\t\t\t\t<div class=\"elementor-element elementor-element-892d65d elementor-widget elementor-widget-spacer\" data-id=\"892d65d\" data-element_type=\"widget\" data-widget_type=\"spacer.default\">\n\t\t\t\t<div class=\"elementor-widget-container\">\n\t\t\t\t\t<div class=\"elementor-spacer\">\n\t\t\t<div class=\"elementor-spacer-inner\"><\/div>\n\t\t<\/div>\n\t\t\t\t<\/div>\n\t\t\t\t<\/div>\n\t\t\t\t<div class=\"elementor-element elementor-element-80cf0ec elementor-widget elementor-widget-image\" data-id=\"80cf0ec\" data-element_type=\"widget\" data-widget_type=\"image.default\">\n\t\t\t\t<div class=\"elementor-widget-container\">\n\t\t\t\t\t\t\t\t\t\t\t\t\t\t\t<img decoding=\"async\" loading=\"lazy\" width=\"612\" height=\"87\" src=\"https:\/\/encuadre.org\/encuentro2023\/wp-content\/uploads\/2023\/08\/colocolo.png\" class=\"attachment-large size-large wp-image-217298\" alt=\"\" srcset=\"https:\/\/encuadre.org\/encuentro2023\/wp-content\/uploads\/2023\/08\/colocolo.png 612w, https:\/\/encuadre.org\/encuentro2023\/wp-content\/uploads\/2023\/08\/colocolo-300x43.png 300w\" sizes=\"(max-width: 612px) 100vw, 612px\" \/>\t\t\t\t\t\t\t\t\t\t\t\t\t\t\t<\/div>\n\t\t\t\t<\/div>\n\t\t\t\t<div class=\"elementor-element elementor-element-7b01878 elementor-widget elementor-widget-text-editor\" data-id=\"7b01878\" data-element_type=\"widget\" data-widget_type=\"text-editor.default\">\n\t\t\t\t<div class=\"elementor-widget-container\">\n\t\t\t<style>\/*! elementor - v3.16.0 - 17-10-2023 *\/\n.elementor-widget-text-editor.elementor-drop-cap-view-stacked .elementor-drop-cap{background-color:#69727d;color:#fff}.elementor-widget-text-editor.elementor-drop-cap-view-framed .elementor-drop-cap{color:#69727d;border:3px solid;background-color:transparent}.elementor-widget-text-editor:not(.elementor-drop-cap-view-default) .elementor-drop-cap{margin-top:8px}.elementor-widget-text-editor:not(.elementor-drop-cap-view-default) .elementor-drop-cap-letter{width:1em;height:1em}.elementor-widget-text-editor .elementor-drop-cap{float:left;text-align:center;line-height:1;font-size:50px}.elementor-widget-text-editor .elementor-drop-cap-letter{display:inline-block}<\/style>\t\t\t\t<p>Cada ponencia ser\u00e1 incluida en una mesa de trabajo de acuerdo con el tema que aborda. Cada mesa de trabajo contar\u00e1 con un moderador, espacio y horario espec\u00edficos. Cada ponente contar\u00e1 con 15 minutos de exposici\u00f3n m\u00e1s 5 minutos de preguntas y respuestas. El moderador ser\u00e1 designado por el comit\u00e9 organizador, y contar\u00e1 con un perfil acad\u00e9mico y disciplinar seg\u00fan la tem\u00e1tica de la mesa. Al finalizar el coloquio se publicar\u00e1n las relator\u00edas a fin de que las conclusiones de la discusi\u00f3n puedan aportar a los di\u00e1logos futuros en las distintas universidades.<\/p>\t\t\t\t\t\t<\/div>\n\t\t\t\t<\/div>\n\t\t\t\t<div class=\"elementor-element elementor-element-282dda6 elementor-widget elementor-widget-image\" data-id=\"282dda6\" data-element_type=\"widget\" data-widget_type=\"image.default\">\n\t\t\t\t<div class=\"elementor-widget-container\">\n\t\t\t\t\t\t\t\t\t\t\t\t\t\t\t<img decoding=\"async\" loading=\"lazy\" width=\"612\" height=\"87\" src=\"https:\/\/encuadre.org\/encuentro2023\/wp-content\/uploads\/2023\/08\/colocolo2.png\" class=\"attachment-large size-large wp-image-217302\" alt=\"\" srcset=\"https:\/\/encuadre.org\/encuentro2023\/wp-content\/uploads\/2023\/08\/colocolo2.png 612w, https:\/\/encuadre.org\/encuentro2023\/wp-content\/uploads\/2023\/08\/colocolo2-300x43.png 300w\" sizes=\"(max-width: 612px) 100vw, 612px\" \/>\t\t\t\t\t\t\t\t\t\t\t\t\t\t\t<\/div>\n\t\t\t\t<\/div>\n\t\t\t\t<div class=\"elementor-element elementor-element-e931525 elementor-widget elementor-widget-text-editor\" data-id=\"e931525\" data-element_type=\"widget\" data-widget_type=\"text-editor.default\">\n\t\t\t\t<div class=\"elementor-widget-container\">\n\t\t\t\t\t\t\t<p>Los docentes, investigadores y estudiantes interesados deber\u00e1n enviar sus documentos en extenso a m\u00e1s tardar el d\u00eda 18 de agosto de 2023. El env\u00edo de estos se deber\u00e1 realizar v\u00eda electr\u00f3nica, considerando los siguientes criterios:<\/p>\t\t\t\t\t\t<\/div>\n\t\t\t\t<\/div>\n\t\t\t\t<div class=\"elementor-element elementor-element-3d2f2b9 elementor-widget elementor-widget-text-editor\" data-id=\"3d2f2b9\" data-element_type=\"widget\" data-widget_type=\"text-editor.default\">\n\t\t\t\t<div class=\"elementor-widget-container\">\n\t\t\t\t\t\t\t<ol><li>Extensi\u00f3n de m\u00ednimo 12 cuartillas y m\u00e1ximo 20 cuartillas, incluyendo im\u00e1genes, tablas y referencias bibliogr\u00e1ficas. El documento deber\u00e1 enviarse en formato de Microsoft Word, letra Arial a 12 puntos, con espacio de 1.5 y m\u00e1rgenes de 2.5 cm, con sistema de citaci\u00f3n APA, al correo: encuentro2023@encuadre.org<\/li><li>El contenido deber\u00e1 incluir: t\u00edtulo, objetivo general, introducci\u00f3n, metodolog\u00eda, desarrollo, conclusiones y bibliograf\u00eda.<\/li><li>Todos los trabajos, deber\u00e1n incluir nombre completo y breve semblanza del autor o los autores, universidad de procedencia, \u00e1rea o unidad acad\u00e9mica de procedencia, correo electr\u00f3nico y tel\u00e9fono (preferentemente celular), y mesa a la que se inscribe.<\/li><\/ol>\t\t\t\t\t\t<\/div>\n\t\t\t\t<\/div>\n\t\t\t\t<div class=\"elementor-element elementor-element-673eced elementor-widget elementor-widget-text-editor\" data-id=\"673eced\" data-element_type=\"widget\" data-widget_type=\"text-editor.default\">\n\t\t\t\t<div class=\"elementor-widget-container\">\n\t\t\t\t\t\t\t<p>Las propuestas enviadas ser\u00e1n sometidas a evaluaci\u00f3n y elegidas por un comit\u00e9 dictaminador de pares acad\u00e9micos en cumplimiento a las mesas tem\u00e1ticas del coloquio. Se notificar\u00e1 la aceptaci\u00f3n o rechazo de acuerdo con el calendario establecido. <\/p>\t\t\t\t\t\t<\/div>\n\t\t\t\t<\/div>\n\t\t\t\t<div class=\"elementor-element elementor-element-105ed3b elementor-view-default elementor-widget elementor-widget-icon\" data-id=\"105ed3b\" data-element_type=\"widget\" data-widget_type=\"icon.default\">\n\t\t\t\t<div class=\"elementor-widget-container\">\n\t\t\t\t\t<div class=\"elementor-icon-wrapper\">\n\t\t\t<div class=\"elementor-icon\">\n\t\t\t<i aria-hidden=\"true\" class=\"fas fa-video\"><\/i>\t\t\t<\/div>\n\t\t<\/div>\n\t\t\t\t<\/div>\n\t\t\t\t<\/div>\n\t\t\t\t<div class=\"elementor-element elementor-element-5b8228b elementor-widget elementor-widget-text-editor\" data-id=\"5b8228b\" data-element_type=\"widget\" data-widget_type=\"text-editor.default\">\n\t\t\t\t<div class=\"elementor-widget-container\">\n\t\t\t\t\t\t\t<p>El Coloquio ser\u00e1 grabado y transmitido a trav\u00e9s de las redes sociales de ENCUADRE, por lo que la participaci\u00f3n en esta convocatoria implica el otorgamiento de los derechos de transmisi\u00f3n. Los participantes seleccionados se comprometen a entregar en tiempo y forma el material de difusi\u00f3n solicitado por los organizadores.<\/p>\t\t\t\t\t\t<\/div>\n\t\t\t\t<\/div>\n\t\t\t\t<div class=\"elementor-element elementor-element-e5d1b42 elementor-widget elementor-widget-spacer\" data-id=\"e5d1b42\" data-element_type=\"widget\" data-widget_type=\"spacer.default\">\n\t\t\t\t<div class=\"elementor-widget-container\">\n\t\t\t\t\t<div class=\"elementor-spacer\">\n\t\t\t<div class=\"elementor-spacer-inner\"><\/div>\n\t\t<\/div>\n\t\t\t\t<\/div>\n\t\t\t\t<\/div>\n\t\t\t\t\t<\/div>\n\t\t<\/div>\n\t\t\t\t\t\t\t<\/div>\n\t\t<\/section>\n\t\t\t\t\t\t\t<\/div>\n\t\t","protected":false},"excerpt":{"rendered":"<p>Cada ponencia ser\u00e1 incluida en una mesa de trabajo de acuerdo con el tema que aborda. Cada mesa de trabajo contar\u00e1 con un moderador, espacio y horario espec\u00edficos. Cada ponente contar\u00e1 con 15 minutos de exposici\u00f3n m\u00e1s 5 minutos de preguntas y respuestas. El moderador ser\u00e1 designado por el comit\u00e9 organizador, y contar\u00e1 con un &hellip;<\/p>\n<p class=\"read-more\"> <a class=\"\" href=\"https:\/\/encuadre.org\/encuentro2023\/coloquio\/\"> <span class=\"screen-reader-text\">Coloquio<\/span> Leer m\u00e1s &raquo;<\/a><\/p>\n","protected":false},"author":1,"featured_media":0,"parent":0,"menu_order":0,"comment_status":"closed","ping_status":"closed","template":"elementor_canvas","meta":{"site-sidebar-layout":"no-sidebar","site-content-layout":"page-builder","ast-site-content-layout":"default","site-content-style":"default","site-sidebar-style":"default","ast-global-header-display":"","ast-banner-title-visibility":"","ast-main-header-display":"","ast-hfb-above-header-display":"","ast-hfb-below-header-display":"","ast-hfb-mobile-header-display":"","site-post-title":"disabled","ast-breadcrumbs-content":"","ast-featured-img":"disabled","footer-sml-layout":"","theme-transparent-header-meta":"default","adv-header-id-meta":"","stick-header-meta":"","header-above-stick-meta":"","header-main-stick-meta":"","header-below-stick-meta":"","astra-migrate-meta-layouts":"set","footnotes":""},"jetpack_sharing_enabled":true,"_links":{"self":[{"href":"https:\/\/encuadre.org\/encuentro2023\/wp-json\/wp\/v2\/pages\/217172"}],"collection":[{"href":"https:\/\/encuadre.org\/encuentro2023\/wp-json\/wp\/v2\/pages"}],"about":[{"href":"https:\/\/encuadre.org\/encuentro2023\/wp-json\/wp\/v2\/types\/page"}],"author":[{"embeddable":true,"href":"https:\/\/encuadre.org\/encuentro2023\/wp-json\/wp\/v2\/users\/1"}],"replies":[{"embeddable":true,"href":"https:\/\/encuadre.org\/encuentro2023\/wp-json\/wp\/v2\/comments?post=217172"}],"version-history":[{"count":16,"href":"https:\/\/encuadre.org\/encuentro2023\/wp-json\/wp\/v2\/pages\/217172\/revisions"}],"predecessor-version":[{"id":217594,"href":"https:\/\/encuadre.org\/encuentro2023\/wp-json\/wp\/v2\/pages\/217172\/revisions\/217594"}],"wp:attachment":[{"href":"https:\/\/encuadre.org\/encuentro2023\/wp-json\/wp\/v2\/media?parent=217172"}],"curies":[{"name":"wp","href":"https:\/\/api.w.org\/{rel}","templated":true}]}}