{"id":216655,"date":"2022-09-06T21:23:33","date_gmt":"2022-09-06T21:23:33","guid":{"rendered":"https:\/\/encuadre.org\/encuentro2022\/?page_id=216655"},"modified":"2022-09-07T18:55:37","modified_gmt":"2022-09-07T18:55:37","slug":"monica-puigferrat","status":"publish","type":"page","link":"https:\/\/encuadre.org\/encuentro2022\/monica-puigferrat\/","title":{"rendered":"M\u00f3nica Puigferrat"},"content":{"rendered":"<p>[et_pb_section fb_built=\u00bb1&#8243; disabled_on=\u00bbon|on|off\u00bb module_id=\u00bbinicio\u00bb _builder_version=\u00bb4.17.4&#8243; background_color=\u00bb#ff0092&#8243; background_image=\u00bbhttps:\/\/encuadre.org\/encuentro2022\/wp-content\/uploads\/2022\/07\/back2-46.png\u00bb background_repeat=\u00bbrepeat\u00bb module_alignment=\u00bbcenter\u00bb custom_margin=\u00bb||\u00bb custom_padding=\u00bb70px||70px|||\u00bb hover_enabled=\u00bb0&#8243; global_colors_info=\u00bb{}\u00bb sticky_enabled=\u00bb0&#8243;][et_pb_row _builder_version=\u00bb4.17.4&#8243; _module_preset=\u00bbdefault\u00bb width_tablet=\u00bb\u00bb width_phone=\u00bb65%\u00bb width_last_edited=\u00bbon|phone\u00bb global_colors_info=\u00bb{}\u00bb][et_pb_column type=\u00bb4_4&#8243; _builder_version=\u00bb4.17.4&#8243; _module_preset=\u00bbdefault\u00bb global_colors_info=\u00bb{}\u00bb][et_pb_code _builder_version=\u00bb4.17.4&#8243; background_enable_image=\u00bboff\u00bb background_size=\u00bbcontain\u00bb background_position=\u00bbtop_right\u00bb custom_margin=\u00bb||-5px|||\u00bb animation_style=\u00bbslide\u00bb animation_direction=\u00bbbottom\u00bb hover_enabled=\u00bb0&#8243; background_last_edited=\u00bbon|phone\u00bb background_enable_image_phone=\u00bboff\u00bb global_colors_info=\u00bb{}\u00bb custom_css_after_last_edited=\u00bboff|phone\u00bb sticky_enabled=\u00bb0&#8243;]<\/p>\n<h1 style=\"text-align: center; font-size: 3em; color: #b6ff00;\">Taller: El mensaje oculto<!\u2013- [et_pb_br_holder] -\u2013><!-- [et_pb_line_break_holder] --><span style=\"font-size:.8em;\">Dise\u00f1o de marca para un producto editorial<!-- [et_pb_line_break_holder] -->  <\/span><!-- [et_pb_line_break_holder] --><\/h1>\n<p><!-- [et_pb_line_break_holder] -->[\/et_pb_code][\/et_pb_column][\/et_pb_row][et_pb_row column_structure=\u00bb2_5,3_5&#8243; _builder_version=\u00bb4.17.4&#8243; background_enable_image=\u00bboff\u00bb background_size=\u00bbcontain\u00bb width=\u00bb65%\u00bb module_alignment=\u00bbcenter\u00bb animation_style=\u00bbslide\u00bb animation_direction=\u00bbbottom\u00bb animation_speed_curve=\u00bbease\u00bb background_last_edited=\u00bbon|desktop\u00bb global_colors_info=\u00bb{}\u00bb][et_pb_column type=\u00bb2_5&#8243; _builder_version=\u00bb4.16&#8243; custom_padding=\u00bb|||\u00bb global_colors_info=\u00bb{}\u00bb custom_padding__hover=\u00bb|||\u00bb][et_pb_image src=\u00bbhttps:\/\/encuadre.org\/encuentro2022\/wp-content\/uploads\/2022\/09\/talleres_monica-puigferrat.png\u00bb title_text=\u00bbtalleres_monica-puigferrat\u00bb url=\u00bbhttps:\/\/renatagalindo.com\/\u00bb url_new_window=\u00bbon\u00bb _builder_version=\u00bb4.17.4&#8243; _module_preset=\u00bbdefault\u00bb hover_enabled=\u00bb0&#8243; global_colors_info=\u00bb{}\u00bb sticky_enabled=\u00bb0&#8243;][\/et_pb_image][et_pb_code _builder_version=\u00bb4.17.4&#8243; custom_margin=\u00bb||0.5em||false|false\u00bb link_option_url=\u00bbhttps:\/\/renatagalindo.com\/\u00bb link_option_url_new_window=\u00bbon\u00bb hover_enabled=\u00bb0&#8243; global_colors_info=\u00bb{}\u00bb sticky_enabled=\u00bb0&#8243;]<\/p>\n<h3 style=\"color: #ff0092; text-align: center; font-weight: bold; padding: .2em; font-size: 2em; background-color: #b6ff00;\">M\u00f3nica Puigferrat<\/h3>\n<p><!-- [et_pb_line_break_holder] -->[\/et_pb_code][\/et_pb_column][et_pb_column type=\u00bb3_5&#8243; _builder_version=\u00bb4.16&#8243; custom_padding=\u00bb|||\u00bb global_colors_info=\u00bb{}\u00bb custom_padding__hover=\u00bb|||\u00bb][et_pb_code _builder_version=\u00bb4.17.4&#8243; hover_enabled=\u00bb0&#8243; global_colors_info=\u00bb{}\u00bb sticky_enabled=\u00bb0&#8243;]<\/p>\n<div style=\"font-weight: bold; color: #b6ff00;\"><!-- [et_pb_line_break_holder] --><\/p>\n<h2 style=\"font-size: 1.7em; margin: 0 0 -.3em 0; color: #b6ff00;\">Objetivo:<\/h2>\n<p><!-- [et_pb_line_break_holder] --><\/p>\n<div style=\"font-size: 1.3em;\"><!-- [et_pb_line_break_holder] -->Los participantes conocer\u00e1n y experimentar\u00e1n una propuesta de metodolog\u00eda para la conceptualizaci\u00f3n de una propuesta gr\u00e1fica para cabeza\/marca de una publicaci\u00f3n editorial (libro\/revista).<!-- [et_pb_line_break_holder] -->   <\/div>\n<p><!-- [et_pb_line_break_holder] --><\/div>\n<p><!-- [et_pb_line_break_holder] --><!-- [et_pb_line_break_holder] -->[\/et_pb_code][\/et_pb_column][\/et_pb_row][\/et_pb_section][et_pb_section fb_built=\u00bb1&#8243; disabled_on=\u00bbon|on|off\u00bb module_id=\u00bbtaller\u00bb _builder_version=\u00bb4.17.4&#8243; background_color=\u00bb#b6ff00&#8243; background_enable_image=\u00bboff\u00bb background_position=\u00bbbottom_center\u00bb module_alignment=\u00bbcenter\u00bb custom_margin=\u00bb||\u00bb custom_padding=\u00bb70px||0px||false|false\u00bb global_colors_info=\u00bb{}\u00bb][et_pb_row _builder_version=\u00bb4.17.4&#8243; _module_preset=\u00bbdefault\u00bb background_enable_color=\u00bboff\u00bb width=\u00bb65%\u00bb width_tablet=\u00bb\u00bb width_phone=\u00bb65%\u00bb width_last_edited=\u00bbon|phone\u00bb custom_margin=\u00bb||||true|true\u00bb custom_padding=\u00bb2em|2em|2em|2em|true|true\u00bb global_colors_info=\u00bb{}\u00bb][et_pb_column type=\u00bb4_4&#8243; _builder_version=\u00bb4.17.4&#8243; _module_preset=\u00bbdefault\u00bb global_colors_info=\u00bb{}\u00bb][et_pb_code _builder_version=\u00bb4.17.4&#8243; background_enable_image=\u00bboff\u00bb background_size=\u00bbcontain\u00bb background_position=\u00bbtop_right\u00bb animation_style=\u00bbslide\u00bb animation_direction=\u00bbbottom\u00bb hover_enabled=\u00bb0&#8243; background_last_edited=\u00bbon|phone\u00bb background_enable_image_phone=\u00bboff\u00bb global_colors_info=\u00bb{}\u00bb custom_css_after_last_edited=\u00bboff|phone\u00bb sticky_enabled=\u00bb0&#8243;]<\/p>\n<h1 style=\"font-weight: bold; text-align: center; font-size: 3em; color: #ff0092;\">Materiales<!-- [et_pb_line_break_holder] --><\/h1>\n<p><!-- [et_pb_line_break_holder] -->[\/et_pb_code][\/et_pb_column][\/et_pb_row][\/et_pb_section][et_pb_section fb_built=\u00bb1&#8243; disabled_on=\u00bbon|on|off\u00bb module_id=\u00bbinicio\u00bb _builder_version=\u00bb4.17.4&#8243; background_color=\u00bb#b6ff00&#8243; background_image=\u00bbhttps:\/\/encuadre.org\/encuentro2022\/wp-content\/uploads\/2022\/08\/hp_back-azul-rosa.png\u00bb background_position=\u00bbtop_center\u00bb module_alignment=\u00bbcenter\u00bb custom_margin=\u00bb||\u00bb custom_padding=\u00bb70px||70px|||\u00bb hover_enabled=\u00bb0&#8243; global_colors_info=\u00bb{}\u00bb sticky_enabled=\u00bb0&#8243; title_text=\u00bbhp_back-azul-rosa\u00bb][et_pb_row _builder_version=\u00bb4.17.4&#8243; _module_preset=\u00bbdefault\u00bb background_color=\u00bb#ff0092&#8243; width=\u00bb65%\u00bb width_tablet=\u00bb\u00bb width_phone=\u00bb65%\u00bb width_last_edited=\u00bbon|phone\u00bb custom_margin=\u00bb||||true|true\u00bb custom_padding=\u00bb2em|2em|2em|2em|true|true\u00bb animation_style=\u00bbfade\u00bb hover_enabled=\u00bb0&#8243; global_colors_info=\u00bb{}\u00bb column_structure=\u00bb1_2,1_2&#8243; sticky_enabled=\u00bb0&#8243;][et_pb_column type=\u00bb1_2&#8243; _builder_version=\u00bb4.17.4&#8243; _module_preset=\u00bbdefault\u00bb global_colors_info=\u00bb{}\u00bb][et_pb_code _builder_version=\u00bb4.17.4&#8243; background_enable_image=\u00bboff\u00bb background_size=\u00bbcontain\u00bb background_position=\u00bbtop_right\u00bb animation_style=\u00bbslide\u00bb animation_direction=\u00bbbottom\u00bb hover_enabled=\u00bb0&#8243; background_last_edited=\u00bbon|phone\u00bb background_enable_image_phone=\u00bboff\u00bb global_colors_info=\u00bb{}\u00bb custom_css_after_last_edited=\u00bboff|phone\u00bb sticky_enabled=\u00bb0&#8243;]<\/p>\n<div style=\"font-weight: bold; color: #b6ff00;\"><!-- [et_pb_line_break_holder] --><\/p>\n<ul style=\"font-size: 1.2em;\"><!-- [et_pb_line_break_holder] --><\/p>\n<li>Hojas blancas<\/li>\n<p><!-- [et_pb_line_break_holder] --><\/p>\n<li>Instrumentos de trazo<!-- [et_pb_line_break_holder] -->(l\u00e1pices, plumones negros de distintos grosores, goma, etc.)<\/li>\n<p><!-- [et_pb_line_break_holder] --><\/p>\n<li>Computadora personal o tableta de dibujo<\/li>\n<p><!-- [et_pb_line_break_holder] --><\/ul>\n<p><!-- [et_pb_line_break_holder] --><\/div>\n<p><!-- [et_pb_line_break_holder] -->[\/et_pb_code][\/et_pb_column][et_pb_column type=\u00bb1_2&#8243; _builder_version=\u00bb4.17.4&#8243; _module_preset=\u00bbdefault\u00bb global_colors_info=\u00bb{}\u00bb][et_pb_code _builder_version=\u00bb4.17.4&#8243; _module_preset=\u00bbdefault\u00bb hover_enabled=\u00bb0&#8243; sticky_enabled=\u00bb0&#8243; background_color=\u00bb#b6ff00&#8243; custom_margin=\u00bb2em|2em|2em|2em|true|true\u00bb custom_padding=\u00bb2em|2em|2em|2em|true|true\u00bb]<\/p>\n<div style=\"font-weight:bold; color:##ff0092; text-align:center;\"><!-- [et_pb_line_break_holder] --><\/p>\n<h2 style=\"font-size:2.3em;color:##ff0092;\">Duraci\u00f3n:<\/h2>\n<p><!-- [et_pb_line_break_holder] --><pee style=\"font-size:2.3em\"><!-- [et_pb_line_break_holder] -->4 horas<!-- [et_pb_line_break_holder] --><\/pee><!-- [et_pb_line_break_holder] -->  <\/div>\n<p>[\/et_pb_code][\/et_pb_column][\/et_pb_row][\/et_pb_section][et_pb_section fb_built=\u00bb1&#8243; disabled_on=\u00bboff|off|on\u00bb module_id=\u00bbinicio\u00bb _builder_version=\u00bb4.17.4&#8243; background_color=\u00bb#ff0092&#8243; background_image=\u00bbhttps:\/\/encuadre.org\/encuentro2022\/wp-content\/uploads\/2022\/07\/back2-46.png\u00bb background_repeat=\u00bbrepeat\u00bb module_alignment=\u00bbcenter\u00bb custom_margin=\u00bb||\u00bb custom_padding=\u00bb70px||70px|||\u00bb hover_enabled=\u00bb0&#8243; global_colors_info=\u00bb{}\u00bb sticky_enabled=\u00bb0&#8243;][et_pb_row _builder_version=\u00bb4.17.4&#8243; _module_preset=\u00bbdefault\u00bb width_tablet=\u00bb\u00bb width_phone=\u00bb65%\u00bb width_last_edited=\u00bbon|phone\u00bb hover_enabled=\u00bb0&#8243; global_colors_info=\u00bb{}\u00bb sticky_enabled=\u00bb0&#8243;][et_pb_column type=\u00bb4_4&#8243; _builder_version=\u00bb4.17.4&#8243; _module_preset=\u00bbdefault\u00bb global_colors_info=\u00bb{}\u00bb][et_pb_code _builder_version=\u00bb4.17.4&#8243; background_enable_image=\u00bboff\u00bb background_size=\u00bbcontain\u00bb background_position=\u00bbtop_right\u00bb custom_margin=\u00bb||-5px|||\u00bb animation_style=\u00bbslide\u00bb animation_direction=\u00bbbottom\u00bb hover_enabled=\u00bb0&#8243; background_last_edited=\u00bbon|phone\u00bb background_enable_image_phone=\u00bboff\u00bb global_colors_info=\u00bb{}\u00bb custom_css_after_last_edited=\u00bboff|phone\u00bb sticky_enabled=\u00bb0&#8243;]<\/p>\n<h1 style=\"text-align: center; font-size: 2em; color: #b6ff00;\">Taller: El mensaje oculto<!\u2013- [et_pb_br_holder] -\u2013><!-- [et_pb_line_break_holder] --><span style=\"font-size:.8em;\">Dise\u00f1o de marca para un producto editorial<!-- [et_pb_line_break_holder] -->  <\/span><!-- [et_pb_line_break_holder] --><\/h1>\n<p><!-- [et_pb_line_break_holder] -->[\/et_pb_code][\/et_pb_column][\/et_pb_row][et_pb_row column_structure=\u00bb2_5,3_5&#8243; _builder_version=\u00bb4.17.4&#8243; background_enable_image=\u00bboff\u00bb background_size=\u00bbcontain\u00bb width=\u00bb65%\u00bb module_alignment=\u00bbcenter\u00bb animation_style=\u00bbslide\u00bb animation_direction=\u00bbbottom\u00bb animation_speed_curve=\u00bbease\u00bb background_last_edited=\u00bbon|desktop\u00bb global_colors_info=\u00bb{}\u00bb][et_pb_column type=\u00bb2_5&#8243; _builder_version=\u00bb4.16&#8243; custom_padding=\u00bb|||\u00bb global_colors_info=\u00bb{}\u00bb custom_padding__hover=\u00bb|||\u00bb][et_pb_image src=\u00bbhttps:\/\/encuadre.org\/encuentro2022\/wp-content\/uploads\/2022\/09\/talleres_monica-puigferrat.png\u00bb title_text=\u00bbtalleres_monica-puigferrat\u00bb url=\u00bbhttps:\/\/renatagalindo.com\/\u00bb url_new_window=\u00bbon\u00bb _builder_version=\u00bb4.17.4&#8243; _module_preset=\u00bbdefault\u00bb hover_enabled=\u00bb0&#8243; global_colors_info=\u00bb{}\u00bb sticky_enabled=\u00bb0&#8243;][\/et_pb_image][et_pb_code _builder_version=\u00bb4.17.4&#8243; custom_margin=\u00bb||0.5em||false|false\u00bb link_option_url=\u00bbhttps:\/\/renatagalindo.com\/\u00bb link_option_url_new_window=\u00bbon\u00bb hover_enabled=\u00bb0&#8243; global_colors_info=\u00bb{}\u00bb sticky_enabled=\u00bb0&#8243;]<\/p>\n<h3 style=\"color: #ff0092; text-align: center; font-weight: bold; padding: .2em; font-size: 2em; background-color: #b6ff00;\">M\u00f3nica Puigferrat<\/h3>\n<p><!-- [et_pb_line_break_holder] -->[\/et_pb_code][\/et_pb_column][et_pb_column type=\u00bb3_5&#8243; _builder_version=\u00bb4.16&#8243; custom_padding=\u00bb|||\u00bb global_colors_info=\u00bb{}\u00bb custom_padding__hover=\u00bb|||\u00bb][et_pb_code _builder_version=\u00bb4.17.4&#8243; hover_enabled=\u00bb0&#8243; global_colors_info=\u00bb{}\u00bb sticky_enabled=\u00bb0&#8243;]<\/p>\n<div style=\"font-weight: bold; color: #b6ff00; text-align:center;\"><!-- [et_pb_line_break_holder] --><\/p>\n<h2 style=\"font-size: 1.2em; margin: 0 0 -.3em 0; color: #b6ff00;\">Objetivo:<\/h2>\n<p><!-- [et_pb_line_break_holder] --><\/p>\n<div style=\"font-size: 1.3em;\"><!-- [et_pb_line_break_holder] -->Los participantes conocer\u00e1n y experimentar\u00e1n una propuesta de metodolog\u00eda para la conceptualizaci\u00f3n de una propuesta gr\u00e1fica para cabeza\/marca de una publicaci\u00f3n editorial (libro\/revista).<!-- [et_pb_line_break_holder] -->   <\/div>\n<p><!-- [et_pb_line_break_holder] --><\/div>\n<p><!-- [et_pb_line_break_holder] --><!-- [et_pb_line_break_holder] -->[\/et_pb_code][\/et_pb_column][\/et_pb_row][\/et_pb_section][et_pb_section fb_built=\u00bb1&#8243; disabled_on=\u00bboff|off|on\u00bb module_id=\u00bbtaller\u00bb _builder_version=\u00bb4.17.4&#8243; background_color=\u00bb#b6ff00&#8243; background_enable_image=\u00bboff\u00bb background_position=\u00bbbottom_center\u00bb module_alignment=\u00bbcenter\u00bb custom_margin=\u00bb||\u00bb custom_padding=\u00bb70px||0px||false|false\u00bb hover_enabled=\u00bb0&#8243; global_colors_info=\u00bb{}\u00bb sticky_enabled=\u00bb0&#8243;][et_pb_row _builder_version=\u00bb4.17.4&#8243; _module_preset=\u00bbdefault\u00bb background_enable_color=\u00bboff\u00bb width=\u00bb65%\u00bb width_tablet=\u00bb\u00bb width_phone=\u00bb65%\u00bb width_last_edited=\u00bbon|phone\u00bb custom_margin=\u00bb||||true|true\u00bb custom_padding=\u00bb2em|2em|2em|2em|true|true\u00bb global_colors_info=\u00bb{}\u00bb][et_pb_column type=\u00bb4_4&#8243; _builder_version=\u00bb4.17.4&#8243; _module_preset=\u00bbdefault\u00bb global_colors_info=\u00bb{}\u00bb][et_pb_code _builder_version=\u00bb4.17.4&#8243; background_enable_image=\u00bboff\u00bb background_size=\u00bbcontain\u00bb background_position=\u00bbtop_right\u00bb animation_style=\u00bbslide\u00bb animation_direction=\u00bbbottom\u00bb hover_enabled=\u00bb0&#8243; background_last_edited=\u00bbon|phone\u00bb background_enable_image_phone=\u00bboff\u00bb global_colors_info=\u00bb{}\u00bb custom_css_after_last_edited=\u00bboff|phone\u00bb sticky_enabled=\u00bb0&#8243;]<\/p>\n<h1 style=\"font-weight: bold; text-align: center; font-size: 2em;   color: #ff0092;\">Materiales<!-- [et_pb_line_break_holder] --><\/h1>\n<p><!-- [et_pb_line_break_holder] -->[\/et_pb_code][\/et_pb_column][\/et_pb_row][\/et_pb_section][et_pb_section fb_built=\u00bb1&#8243; disabled_on=\u00bboff|off|on\u00bb module_id=\u00bbinicio\u00bb _builder_version=\u00bb4.17.4&#8243; background_color=\u00bb#b6ff00&#8243; background_image=\u00bbhttps:\/\/encuadre.org\/encuentro2022\/wp-content\/uploads\/2022\/08\/hp_back-azul-rosa.png\u00bb background_position=\u00bbtop_center\u00bb module_alignment=\u00bbcenter\u00bb custom_margin=\u00bb||\u00bb custom_padding=\u00bb70px||70px|||\u00bb hover_enabled=\u00bb0&#8243; global_colors_info=\u00bb{}\u00bb sticky_enabled=\u00bb0&#8243; title_text=\u00bbhp_back-azul-rosa\u00bb][et_pb_row _builder_version=\u00bb4.17.4&#8243; _module_preset=\u00bbdefault\u00bb background_color=\u00bb#ff0092&#8243; width=\u00bb65%\u00bb width_tablet=\u00bb\u00bb width_phone=\u00bb85%\u00bb width_last_edited=\u00bbon|phone\u00bb custom_margin=\u00bb0px||0px||true|true\u00bb custom_padding=\u00bb2em|2em|2em|2em|true|true\u00bb animation_style=\u00bbfade\u00bb hover_enabled=\u00bb0&#8243; global_colors_info=\u00bb{}\u00bb column_structure=\u00bb1_2,1_2&#8243; sticky_enabled=\u00bb0&#8243;][et_pb_column type=\u00bb1_2&#8243; _builder_version=\u00bb4.17.4&#8243; _module_preset=\u00bbdefault\u00bb global_colors_info=\u00bb{}\u00bb][et_pb_code _builder_version=\u00bb4.17.4&#8243; background_enable_image=\u00bboff\u00bb background_size=\u00bbcontain\u00bb background_position=\u00bbtop_right\u00bb animation_style=\u00bbslide\u00bb animation_direction=\u00bbbottom\u00bb hover_enabled=\u00bb0&#8243; background_last_edited=\u00bbon|phone\u00bb background_enable_image_phone=\u00bboff\u00bb global_colors_info=\u00bb{}\u00bb custom_css_after_last_edited=\u00bboff|phone\u00bb sticky_enabled=\u00bb0&#8243;]<\/p>\n<div style=\"font-weight: bold; color: #b6ff00;\"><!-- [et_pb_line_break_holder] --><\/p>\n<ul style=\"font-size: 1.2em;\"><!-- [et_pb_line_break_holder] --><\/p>\n<li>Hojas blancas<\/li>\n<p><!-- [et_pb_line_break_holder] --><\/p>\n<li>Instrumentos de trazo<!-- [et_pb_line_break_holder] -->(l\u00e1pices, plumones negros de distintos grosores, goma, etc.)<\/li>\n<p><!-- [et_pb_line_break_holder] --><\/p>\n<li>Computadora personal o tableta de dibujo<\/li>\n<p><!-- [et_pb_line_break_holder] --><\/ul>\n<p><!-- [et_pb_line_break_holder] --><\/div>\n<p><!-- [et_pb_line_break_holder] -->[\/et_pb_code][\/et_pb_column][et_pb_column type=\u00bb1_2&#8243; _builder_version=\u00bb4.17.4&#8243; _module_preset=\u00bbdefault\u00bb global_colors_info=\u00bb{}\u00bb][et_pb_code _builder_version=\u00bb4.17.4&#8243; _module_preset=\u00bbdefault\u00bb hover_enabled=\u00bb0&#8243; sticky_enabled=\u00bb0&#8243; background_color=\u00bb#b6ff00&#8243; custom_margin=\u00bb0em|2em|2em|2em|false|true\u00bb custom_padding=\u00bb2em|2em|2em|2em|true|true\u00bb]<\/p>\n<div style=\"font-weight:bold; color:##ff0092; text-align:center;\"><!-- [et_pb_line_break_holder] --><\/p>\n<h2 style=\"font-size:2.3em;color:##ff0092;\">Duraci\u00f3n:<\/h2>\n<p><!-- [et_pb_line_break_holder] --><pee style=\"font-size:2.3em\"><!-- [et_pb_line_break_holder] -->4 horas<!-- [et_pb_line_break_holder] --><\/pee><!-- [et_pb_line_break_holder] -->  <\/div>\n<p>[\/et_pb_code][\/et_pb_column][\/et_pb_row][\/et_pb_section][et_pb_section fb_built=\u00bb1&#8243; _builder_version=\u00bb4.17.4&#8243; _module_preset=\u00bbdefault\u00bb background_color=\u00bb#228dff\u00bb global_colors_info=\u00bb{}\u00bb][et_pb_row _builder_version=\u00bb4.17.4&#8243; _module_preset=\u00bbdefault\u00bb global_colors_info=\u00bb{}\u00bb][et_pb_column type=\u00bb4_4&#8243; _builder_version=\u00bb4.17.4&#8243; _module_preset=\u00bbdefault\u00bb global_colors_info=\u00bb{}\u00bb][et_pb_button button_url=\u00bbhttps:\/\/encuadre.org\/encuentro2022#ponentes\u00bb button_text=\u00bbREGRESAR\u00bb button_alignment=\u00bbcenter\u00bb _builder_version=\u00bb4.17.4&#8243; _module_preset=\u00bbdefault\u00bb custom_button=\u00bbon\u00bb button_text_size=\u00bb25px\u00bb button_text_color=\u00bb#228dff\u00bb button_bg_color=\u00bb#b6ff00&#8243; button_font=\u00bbSignika Negative|600|||||||\u00bb background_layout=\u00bbdark\u00bb global_colors_info=\u00bb{}\u00bb][\/et_pb_button][\/et_pb_column][\/et_pb_row][\/et_pb_section]<\/p>\n","protected":false},"excerpt":{"rendered":"","protected":false},"author":1,"featured_media":0,"parent":0,"menu_order":0,"comment_status":"closed","ping_status":"closed","template":"","meta":{"_et_pb_use_builder":"on","_et_pb_old_content":"","_et_gb_content_width":""},"_links":{"self":[{"href":"https:\/\/encuadre.org\/encuentro2022\/wp-json\/wp\/v2\/pages\/216655"}],"collection":[{"href":"https:\/\/encuadre.org\/encuentro2022\/wp-json\/wp\/v2\/pages"}],"about":[{"href":"https:\/\/encuadre.org\/encuentro2022\/wp-json\/wp\/v2\/types\/page"}],"author":[{"embeddable":true,"href":"https:\/\/encuadre.org\/encuentro2022\/wp-json\/wp\/v2\/users\/1"}],"replies":[{"embeddable":true,"href":"https:\/\/encuadre.org\/encuentro2022\/wp-json\/wp\/v2\/comments?post=216655"}],"version-history":[{"count":11,"href":"https:\/\/encuadre.org\/encuentro2022\/wp-json\/wp\/v2\/pages\/216655\/revisions"}],"predecessor-version":[{"id":216674,"href":"https:\/\/encuadre.org\/encuentro2022\/wp-json\/wp\/v2\/pages\/216655\/revisions\/216674"}],"wp:attachment":[{"href":"https:\/\/encuadre.org\/encuentro2022\/wp-json\/wp\/v2\/media?parent=216655"}],"curies":[{"name":"wp","href":"https:\/\/api.w.org\/{rel}","templated":true}]}}