{"id":216567,"date":"2022-08-22T11:06:36","date_gmt":"2022-08-22T11:06:36","guid":{"rendered":"https:\/\/encuadre.org\/encuentro2022\/?page_id=216567"},"modified":"2022-09-08T06:47:06","modified_gmt":"2022-09-08T06:47:06","slug":"paco-calles","status":"publish","type":"page","link":"https:\/\/encuadre.org\/encuentro2022\/paco-calles\/","title":{"rendered":"Paco Calles"},"content":{"rendered":"<p>[et_pb_section fb_built=\u00bb1&#8243; disabled_on=\u00bbon|on|off\u00bb module_id=\u00bbinicio\u00bb _builder_version=\u00bb4.17.4&#8243; background_color=\u00bb#ff0092&#8243; background_image=\u00bbhttps:\/\/encuadre.org\/encuentro2022\/wp-content\/uploads\/2022\/07\/back2-46.png\u00bb background_repeat=\u00bbrepeat\u00bb module_alignment=\u00bbcenter\u00bb custom_margin=\u00bb||\u00bb custom_padding=\u00bb70px||70px|||\u00bb global_colors_info=\u00bb{}\u00bb][et_pb_row _builder_version=\u00bb4.17.4&#8243; _module_preset=\u00bbdefault\u00bb width_tablet=\u00bb\u00bb width_phone=\u00bb65%\u00bb width_last_edited=\u00bbon|phone\u00bb global_colors_info=\u00bb{}\u00bb][et_pb_column type=\u00bb4_4&#8243; _builder_version=\u00bb4.17.4&#8243; _module_preset=\u00bbdefault\u00bb global_colors_info=\u00bb{}\u00bb][et_pb_code _builder_version=\u00bb4.17.4&#8243; background_enable_image=\u00bboff\u00bb background_size=\u00bbcontain\u00bb background_position=\u00bbtop_right\u00bb custom_margin=\u00bb||-5px|||\u00bb animation_style=\u00bbslide\u00bb animation_direction=\u00bbbottom\u00bb background_last_edited=\u00bbon|phone\u00bb background_enable_image_phone=\u00bboff\u00bb global_colors_info=\u00bb{}\u00bb custom_css_after_last_edited=\u00bboff|phone\u00bb]<\/p>\n<h1 style=\"text-align:center; font-size: 3em; color:#b6ff00;\">Taller: F\u00e1brica de letras<!\u2013- [et_pb_br_holder] -\u2013><span style=\"font-size:.8em;\">Dise\u00f1o de letras, pues<\/span><!-- [et_pb_line_break_holder] --><\/h1>\n<p>[\/et_pb_code][\/et_pb_column][\/et_pb_row][et_pb_row column_structure=\u00bb2_5,3_5&#8243; _builder_version=\u00bb4.17.4&#8243; background_enable_image=\u00bboff\u00bb background_size=\u00bbcontain\u00bb width=\u00bb65%\u00bb module_alignment=\u00bbcenter\u00bb animation_style=\u00bbslide\u00bb animation_direction=\u00bbbottom\u00bb animation_speed_curve=\u00bbease\u00bb background_last_edited=\u00bbon|desktop\u00bb global_colors_info=\u00bb{}\u00bb][et_pb_column type=\u00bb2_5&#8243; _builder_version=\u00bb4.16&#8243; custom_padding=\u00bb|||\u00bb global_colors_info=\u00bb{}\u00bb custom_padding__hover=\u00bb|||\u00bb][et_pb_image src=\u00bbhttps:\/\/encuadre.org\/encuentro2022\/wp-content\/uploads\/2022\/08\/talleres_paco-calles.png\u00bb alt=\u00bbPaco Calles\u00bb title_text=\u00bbPaco Calles\u00bb url=\u00bbhttps:\/\/tipografilia.com\/\u00bb url_new_window=\u00bbon\u00bb _builder_version=\u00bb4.17.4&#8243; _module_preset=\u00bbdefault\u00bb global_colors_info=\u00bb{}\u00bb][\/et_pb_image][et_pb_code _builder_version=\u00bb4.17.4&#8243; custom_margin=\u00bb||0.5em||false|false\u00bb link_option_url=\u00bbhttps:\/\/tipografilia.com\/\u00bb link_option_url_new_window=\u00bbon\u00bb global_colors_info=\u00bb{}\u00bb]<\/p>\n<h3 style=\"color:#ff0092;text-align: center; font-weight: bold; padding: .2em; font-size:2em; background-color: #b6ff00;\">Paco Calles<\/h3>\n<p> [\/et_pb_code][et_pb_code _builder_version=\u00bb4.17.4&#8243; global_colors_info=\u00bb{}\u00bb]<pee style=\"text-align:center; font-weight: bold; color: #b6ff00; font-size:1.1em;\">PRINCIPAL PROMOTOR DE LA TIPOGRAF\u00cdA EN M\u00c9XICO<!-- [et_pb_line_break_holder] --><\/pee>[\/et_pb_code][\/et_pb_column][et_pb_column type=\u00bb3_5&#8243; _builder_version=\u00bb4.16&#8243; custom_padding=\u00bb|||\u00bb global_colors_info=\u00bb{}\u00bb custom_padding__hover=\u00bb|||\u00bb][et_pb_code _builder_version=\u00bb4.17.4&#8243; global_colors_info=\u00bb{}\u00bb]<\/p>\n<div style=\"font-weight:bold; color:#b6ff00;\"><!-- [et_pb_line_break_holder] --><\/p>\n<h2 style=\"font-size:1.7em;margin:0 0 -.3em 0;color:#b6ff00;\">Objetivo:<\/h2>\n<p><!-- [et_pb_line_break_holder] --><pee style><!-- [et_pb_line_break_holder] -->El participante conocer\u00e1 y analizar\u00e1 los factores que determinan la coherencia formal de los signos letragr\u00e1ficos que le servir\u00e1n para el dise\u00f1o y redise\u00f1o de logotipos, alfabeto y fuentes tipogr\u00e1ficas.<!-- [et_pb_line_break_holder] -->  <\/pee><!-- [et_pb_line_break_holder] -->  <\/div>\n<p><!-- [et_pb_line_break_holder] -->[\/et_pb_code][\/et_pb_column][\/et_pb_row][et_pb_row _builder_version=\u00bb4.17.4&#8243; _module_preset=\u00bbdefault\u00bb width=\u00bb65%\u00bb custom_margin=\u00bb0px||0px||false|false\u00bb custom_padding=\u00bb0px||0px||false|false\u00bb hover_enabled=\u00bb0&#8243; global_colors_info=\u00bb{}\u00bb module_alignment=\u00bbcenter\u00bb sticky_enabled=\u00bb0&#8243;][et_pb_column type=\u00bb4_4&#8243; _builder_version=\u00bb4.17.4&#8243; _module_preset=\u00bbdefault\u00bb global_colors_info=\u00bb{}\u00bb][et_pb_image src=\u00bbhttps:\/\/encuadre.org\/encuentro2022\/wp-content\/uploads\/2022\/08\/tipografilia.jpg\u00bb title_text=\u00bbtipografilia\u00bb _builder_version=\u00bb4.17.4&#8243; _module_preset=\u00bbdefault\u00bb animation_style=\u00bbslide\u00bb animation_direction=\u00bbbottom\u00bb hover_enabled=\u00bb0&#8243; global_colors_info=\u00bb{}\u00bb sticky_enabled=\u00bb0&#8243; align=\u00bbcenter\u00bb][\/et_pb_image][\/et_pb_column][\/et_pb_row][\/et_pb_section][et_pb_section fb_built=\u00bb1&#8243; disabled_on=\u00bbon|on|off\u00bb module_id=\u00bbtaller\u00bb _builder_version=\u00bb4.17.4&#8243; background_color=\u00bb#b6ff00&#8243; background_enable_image=\u00bboff\u00bb background_position=\u00bbbottom_center\u00bb module_alignment=\u00bbcenter\u00bb custom_margin=\u00bb||\u00bb custom_padding=\u00bb70px||0px||false|false\u00bb global_colors_info=\u00bb{}\u00bb][et_pb_row _builder_version=\u00bb4.17.4&#8243; _module_preset=\u00bbdefault\u00bb background_enable_color=\u00bboff\u00bb width=\u00bb65%\u00bb width_tablet=\u00bb\u00bb width_phone=\u00bb65%\u00bb width_last_edited=\u00bbon|phone\u00bb custom_margin=\u00bb||||true|true\u00bb custom_padding=\u00bb2em|2em|2em|2em|true|true\u00bb global_colors_info=\u00bb{}\u00bb][et_pb_column type=\u00bb4_4&#8243; _builder_version=\u00bb4.17.4&#8243; _module_preset=\u00bbdefault\u00bb global_colors_info=\u00bb{}\u00bb][et_pb_code _builder_version=\u00bb4.17.4&#8243; background_enable_image=\u00bboff\u00bb background_size=\u00bbcontain\u00bb background_position=\u00bbtop_right\u00bb animation_style=\u00bbslide\u00bb animation_direction=\u00bbbottom\u00bb background_last_edited=\u00bbon|phone\u00bb background_enable_image_phone=\u00bboff\u00bb global_colors_info=\u00bb{}\u00bb custom_css_after_last_edited=\u00bboff|phone\u00bb]<!-- [et_pb_line_break_holder] --><\/p>\n<h1 style=\"font-weight:bold;text-align:center; font-size: 3em; color:#ff0092;\">Contenido<!-- [et_pb_line_break_holder] --><\/h1>\n<p>[\/et_pb_code][\/et_pb_column][\/et_pb_row][\/et_pb_section][et_pb_section fb_built=\u00bb1&#8243; disabled_on=\u00bbon|on|off\u00bb module_id=\u00bbinicio\u00bb _builder_version=\u00bb4.17.4&#8243; background_color=\u00bb#b6ff00&#8243; background_image=\u00bbhttps:\/\/encuadre.org\/encuentro2022\/wp-content\/uploads\/2022\/08\/hp_back-azul-rosa.png\u00bb background_position=\u00bbtop_center\u00bb module_alignment=\u00bbcenter\u00bb custom_margin=\u00bb||\u00bb custom_padding=\u00bb70px||70px|||\u00bb global_colors_info=\u00bb{}\u00bb][et_pb_row _builder_version=\u00bb4.17.4&#8243; _module_preset=\u00bbdefault\u00bb background_color=\u00bb#ff0092&#8243; width=\u00bb65%\u00bb width_tablet=\u00bb\u00bb width_phone=\u00bb65%\u00bb width_last_edited=\u00bbon|phone\u00bb custom_margin=\u00bb||||true|true\u00bb custom_padding=\u00bb2em|2em|2em|3em|true|false\u00bb animation_style=\u00bbfade\u00bb global_colors_info=\u00bb{}\u00bb][et_pb_column type=\u00bb4_4&#8243; _builder_version=\u00bb4.17.4&#8243; _module_preset=\u00bbdefault\u00bb global_colors_info=\u00bb{}\u00bb][et_pb_code _builder_version=\u00bb4.17.4&#8243; background_enable_image=\u00bboff\u00bb background_size=\u00bbcontain\u00bb background_position=\u00bbtop_right\u00bb animation_style=\u00bbslide\u00bb animation_direction=\u00bbbottom\u00bb background_last_edited=\u00bbon|phone\u00bb background_enable_image_phone=\u00bboff\u00bb global_colors_info=\u00bb{}\u00bb custom_css_after_last_edited=\u00bboff|phone\u00bb]<\/p>\n<div style=\"font-weight:bold; color:#b6ff00;\"><!-- [et_pb_line_break_holder] --><\/p>\n<ol style=\"  list-style-position: outside; font-size:1.4em\"><!-- [et_pb_line_break_holder] -->  <\/p>\n<li style=\"margin-bottom:.5em;\"><span style=\"font-size:.9em;\">Rengl\u00f3n letragr\u00e1fico<!\u2013- [et_pb_br_holder] -\u2013>L\u00edneas lim\u00edtrofes<!\u2013- [et_pb_br_holder] -\u2013>Alturas proporcionales<\/span><\/li>\n<p><!-- [et_pb_line_break_holder] -->   <\/p>\n<li style=\"margin-bottom:.5em;\"><span style=\"font-size:.9em;\">Generadores letragr\u00e1ficos<!\u2013- [et_pb_br_holder] -\u2013>Trazos rectos: fustes y barras<!\u2013- [et_pb_br_holder] -\u2013>Trazos curvos: anillos y arcos<!\u2013- [et_pb_br_holder] -\u2013>Rasgos: serif, \u00e1pices y florituras<\/span><\/li>\n<p><!-- [et_pb_line_break_holder] -->  <\/p>\n<li style=\"margin-bottom:.5em;\"><span style=\"font-size:.9em;\">Signos gr\u00e1ficos generadores<!\u2013- [et_pb_br_holder] -\u2013>Bajas: i, o, n<!\u2013- [et_pb_br_holder] -\u2013>Altas: I, O, N<\/span><\/li>\n<p><!-- [et_pb_line_break_holder] -->  <!-- [et_pb_line_break_holder] -->   <\/p>\n<li style=\"margin-bottom:.5em;\"><span style=\"font-size:.9em;\">Correciones visuales<!\u2013- [et_pb_br_holder] -\u2013>Altura \u00f3ptica<!\u2013- [et_pb_br_holder] -\u2013>Grosores<!\u2013- [et_pb_br_holder] -\u2013>Empastes<\/span><\/li>\n<p><!-- [et_pb_line_break_holder] --><\/ol>\n<p><!-- [et_pb_line_break_holder] -->  <\/div>\n<p>[\/et_pb_code][\/et_pb_column][\/et_pb_row][\/et_pb_section][et_pb_section fb_built=\u00bb1&#8243; disabled_on=\u00bboff|off|on\u00bb module_id=\u00bbinicio\u00bb _builder_version=\u00bb4.17.4&#8243; background_color=\u00bb#ff0092&#8243; background_image=\u00bbhttps:\/\/encuadre.org\/encuentro2022\/wp-content\/uploads\/2022\/07\/back2-46.png\u00bb background_repeat=\u00bbrepeat\u00bb module_alignment=\u00bbcenter\u00bb custom_margin=\u00bb||\u00bb custom_padding=\u00bb70px||70px|||\u00bb global_colors_info=\u00bb{}\u00bb][et_pb_row _builder_version=\u00bb4.17.4&#8243; _module_preset=\u00bbdefault\u00bb width_tablet=\u00bb\u00bb width_phone=\u00bb75%\u00bb width_last_edited=\u00bbon|phone\u00bb global_colors_info=\u00bb{}\u00bb][et_pb_column type=\u00bb4_4&#8243; _builder_version=\u00bb4.17.4&#8243; _module_preset=\u00bbdefault\u00bb global_colors_info=\u00bb{}\u00bb][et_pb_code _builder_version=\u00bb4.17.4&#8243; background_enable_image=\u00bboff\u00bb background_size=\u00bbcontain\u00bb background_position=\u00bbtop_right\u00bb custom_margin=\u00bb||-5px|||\u00bb animation_style=\u00bbslide\u00bb animation_direction=\u00bbbottom\u00bb background_last_edited=\u00bbon|phone\u00bb background_enable_image_phone=\u00bboff\u00bb global_colors_info=\u00bb{}\u00bb custom_css_after_last_edited=\u00bboff|phone\u00bb]<\/p>\n<h1 style=\"text-align:center; font-size: 2em; color:#b6ff00;\">Taller: F\u00e1brica de letras<!\u2013- [et_pb_br_holder] -\u2013><span style=\"font-size:.8em;\">Dise\u00f1o de letras, pues<\/span><!-- [et_pb_line_break_holder] --><\/h1>\n<p>[\/et_pb_code][\/et_pb_column][\/et_pb_row][et_pb_row column_structure=\u00bb2_5,3_5&#8243; _builder_version=\u00bb4.17.4&#8243; background_enable_image=\u00bboff\u00bb background_size=\u00bbcontain\u00bb width=\u00bb65%\u00bb module_alignment=\u00bbcenter\u00bb animation_style=\u00bbslide\u00bb animation_direction=\u00bbbottom\u00bb animation_speed_curve=\u00bbease\u00bb background_last_edited=\u00bbon|desktop\u00bb global_colors_info=\u00bb{}\u00bb][et_pb_column type=\u00bb2_5&#8243; _builder_version=\u00bb4.16&#8243; custom_padding=\u00bb|||\u00bb global_colors_info=\u00bb{}\u00bb custom_padding__hover=\u00bb|||\u00bb][et_pb_image src=\u00bbhttps:\/\/encuadre.org\/encuentro2022\/wp-content\/uploads\/2022\/08\/talleres_paco-calles.png\u00bb alt=\u00bbPaco Calles\u00bb title_text=\u00bbPaco Calles\u00bb url=\u00bbhttps:\/\/tipografilia.com\/\u00bb url_new_window=\u00bbon\u00bb _builder_version=\u00bb4.17.4&#8243; _module_preset=\u00bbdefault\u00bb global_colors_info=\u00bb{}\u00bb][\/et_pb_image][et_pb_code _builder_version=\u00bb4.17.4&#8243; custom_margin=\u00bb||0.5em||false|false\u00bb link_option_url=\u00bbhttps:\/\/tipografilia.com\/\u00bb link_option_url_new_window=\u00bbon\u00bb global_colors_info=\u00bb{}\u00bb]<\/p>\n<h3 style=\"color:#ff0092;text-align: center; font-weight: bold; padding: .2em; font-size:2em; background-color: #b6ff00;\">Paco Calles<\/h3>\n<p> [\/et_pb_code][et_pb_code _builder_version=\u00bb4.17.4&#8243; global_colors_info=\u00bb{}\u00bb]<pee style=\"text-align:center; font-weight: bold; color: #b6ff00; font-size:1.1em;\">PRINCIPAL PROMOTOR DE LA TIPOGRAF\u00cdA EN M\u00c9XICO<!-- [et_pb_line_break_holder] --><\/pee>[\/et_pb_code][\/et_pb_column][et_pb_column type=\u00bb3_5&#8243; _builder_version=\u00bb4.16&#8243; custom_padding=\u00bb|||\u00bb global_colors_info=\u00bb{}\u00bb custom_padding__hover=\u00bb|||\u00bb][et_pb_code _builder_version=\u00bb4.17.4&#8243; global_colors_info=\u00bb{}\u00bb]<\/p>\n<div style=\"font-weight:bold; color:#b6ff00; text-align:center;\"><!-- [et_pb_line_break_holder] --><\/p>\n<h2 style=\"font-size:1.7em;margin:0 0 -.3em 0;color:#b6ff00;\">Objetivo:<\/h2>\n<p><!-- [et_pb_line_break_holder] --><pee style><!-- [et_pb_line_break_holder] -->El participante conocer\u00e1 y analizar\u00e1 los factores que determinan la coherencia formal de los signos letragr\u00e1ficos que le servir\u00e1n para el dise\u00f1o y redise\u00f1o de logotipos, alfabeto y fuentes tipogr\u00e1ficas.<!-- [et_pb_line_break_holder] -->  <\/pee><!-- [et_pb_line_break_holder] -->  <\/div>\n<p><!-- [et_pb_line_break_holder] -->[\/et_pb_code][\/et_pb_column][\/et_pb_row][et_pb_row _builder_version=\u00bb4.17.4&#8243; _module_preset=\u00bbdefault\u00bb width=\u00bb65%\u00bb custom_margin=\u00bb0px||0px||false|false\u00bb custom_padding=\u00bb0px||0px||false|false\u00bb global_colors_info=\u00bb{}\u00bb][et_pb_column type=\u00bb4_4&#8243; _builder_version=\u00bb4.17.4&#8243; _module_preset=\u00bbdefault\u00bb global_colors_info=\u00bb{}\u00bb][et_pb_image src=\u00bbhttps:\/\/encuadre.org\/encuentro2022\/wp-content\/uploads\/2022\/08\/tipografilia.jpg\u00bb title_text=\u00bbtipografilia\u00bb _builder_version=\u00bb4.17.4&#8243; _module_preset=\u00bbdefault\u00bb animation_style=\u00bbslide\u00bb animation_direction=\u00bbbottom\u00bb global_colors_info=\u00bb{}\u00bb][\/et_pb_image][\/et_pb_column][\/et_pb_row][\/et_pb_section][et_pb_section fb_built=\u00bb1&#8243; disabled_on=\u00bboff|off|on\u00bb module_id=\u00bbtaller\u00bb _builder_version=\u00bb4.17.4&#8243; background_color=\u00bb#b6ff00&#8243; background_enable_image=\u00bboff\u00bb background_position=\u00bbbottom_center\u00bb module_alignment=\u00bbcenter\u00bb custom_margin=\u00bb||\u00bb custom_padding=\u00bb70px||0px||false|false\u00bb global_colors_info=\u00bb{}\u00bb][et_pb_row _builder_version=\u00bb4.17.4&#8243; _module_preset=\u00bbdefault\u00bb background_enable_color=\u00bboff\u00bb width=\u00bb65%\u00bb width_tablet=\u00bb\u00bb width_phone=\u00bb65%\u00bb width_last_edited=\u00bbon|phone\u00bb custom_margin=\u00bb||||true|true\u00bb custom_padding=\u00bb2em|2em|2em|2em|true|true\u00bb global_colors_info=\u00bb{}\u00bb][et_pb_column type=\u00bb4_4&#8243; _builder_version=\u00bb4.17.4&#8243; _module_preset=\u00bbdefault\u00bb global_colors_info=\u00bb{}\u00bb][et_pb_code _builder_version=\u00bb4.17.4&#8243; background_enable_image=\u00bboff\u00bb background_size=\u00bbcontain\u00bb background_position=\u00bbtop_right\u00bb animation_style=\u00bbslide\u00bb animation_direction=\u00bbbottom\u00bb background_last_edited=\u00bbon|phone\u00bb background_enable_image_phone=\u00bboff\u00bb global_colors_info=\u00bb{}\u00bb custom_css_after_last_edited=\u00bboff|phone\u00bb]<!-- [et_pb_line_break_holder] --><\/p>\n<h1 style=\"font-weight:bold;text-align:center; font-size: 3em; color:#ff0092;\">Contenido<!-- [et_pb_line_break_holder] --><\/h1>\n<p>[\/et_pb_code][\/et_pb_column][\/et_pb_row][\/et_pb_section][et_pb_section fb_built=\u00bb1&#8243; disabled_on=\u00bboff|off|on\u00bb module_id=\u00bbinicio\u00bb _builder_version=\u00bb4.17.4&#8243; background_color=\u00bb#b6ff00&#8243; background_image=\u00bbhttps:\/\/encuadre.org\/encuentro2022\/wp-content\/uploads\/2022\/08\/hp_back-azul-rosa.png\u00bb background_position=\u00bbtop_center\u00bb module_alignment=\u00bbcenter\u00bb custom_margin=\u00bb||\u00bb custom_padding=\u00bb70px||70px|||\u00bb global_colors_info=\u00bb{}\u00bb][et_pb_row _builder_version=\u00bb4.17.4&#8243; _module_preset=\u00bbdefault\u00bb background_color=\u00bb#ff0092&#8243; width=\u00bb65%\u00bb width_tablet=\u00bb\u00bb width_phone=\u00bb75%\u00bb width_last_edited=\u00bbon|phone\u00bb custom_margin=\u00bb||||true|true\u00bb custom_padding=\u00bb2em|2em|2em|3em|true|false\u00bb animation_style=\u00bbfade\u00bb global_colors_info=\u00bb{}\u00bb][et_pb_column type=\u00bb4_4&#8243; _builder_version=\u00bb4.17.4&#8243; _module_preset=\u00bbdefault\u00bb global_colors_info=\u00bb{}\u00bb][et_pb_code _builder_version=\u00bb4.17.4&#8243; background_enable_image=\u00bboff\u00bb background_size=\u00bbcontain\u00bb background_position=\u00bbtop_right\u00bb animation_style=\u00bbslide\u00bb animation_direction=\u00bbbottom\u00bb background_last_edited=\u00bbon|phone\u00bb background_enable_image_phone=\u00bboff\u00bb global_colors_info=\u00bb{}\u00bb custom_css_after_last_edited=\u00bboff|phone\u00bb]<\/p>\n<div style=\"font-weight:bold; color:#b6ff00;\"><!-- [et_pb_line_break_holder] --><\/p>\n<ol style=\"  list-style-position: outside; font-size:1.2em\"><!-- [et_pb_line_break_holder] -->  <\/p>\n<li style=\"margin-bottom:.5em;\"><span style=\"font-size:.9em;\">Rengl\u00f3n letragr\u00e1fico<!\u2013- [et_pb_br_holder] -\u2013>L\u00edneas lim\u00edtrofes<!\u2013- [et_pb_br_holder] -\u2013>Alturas proporcionales<\/span><\/li>\n<p><!-- [et_pb_line_break_holder] -->   <\/p>\n<li style=\"margin-bottom:.5em;\"><span style=\"font-size:.9em;\">Generadores letragr\u00e1ficos<!\u2013- [et_pb_br_holder] -\u2013>Trazos rectos: fustes y barras<!\u2013- [et_pb_br_holder] -\u2013>Trazos curvos: anillos y arcos<!\u2013- [et_pb_br_holder] -\u2013>Rasgos: serif, \u00e1pices y florituras<\/span><\/li>\n<p><!-- [et_pb_line_break_holder] -->  <\/p>\n<li style=\"margin-bottom:.5em;\"><span style=\"font-size:.9em;\">Signos gr\u00e1ficos generadores<!\u2013- [et_pb_br_holder] -\u2013>Bajas: i, o, n<!\u2013- [et_pb_br_holder] -\u2013>Altas: I, O, N<\/span><\/li>\n<p><!-- [et_pb_line_break_holder] -->  <!-- [et_pb_line_break_holder] -->   <\/p>\n<li style=\"margin-bottom:.5em;\"><span style=\"font-size:.9em;\">Correciones visuales<!\u2013- [et_pb_br_holder] -\u2013>Altura \u00f3ptica<!\u2013- [et_pb_br_holder] -\u2013>Grosores<!\u2013- [et_pb_br_holder] -\u2013>Empastes<\/span><\/li>\n<p><!-- [et_pb_line_break_holder] --><\/ol>\n<p><!-- [et_pb_line_break_holder] -->  <\/div>\n<p>[\/et_pb_code][\/et_pb_column][\/et_pb_row][\/et_pb_section][et_pb_section fb_built=\u00bb1&#8243; _builder_version=\u00bb4.17.4&#8243; _module_preset=\u00bbdefault\u00bb background_color=\u00bb#228dff\u00bb global_colors_info=\u00bb{}\u00bb][et_pb_row _builder_version=\u00bb4.17.4&#8243; _module_preset=\u00bbdefault\u00bb global_colors_info=\u00bb{}\u00bb][et_pb_column type=\u00bb4_4&#8243; _builder_version=\u00bb4.17.4&#8243; _module_preset=\u00bbdefault\u00bb global_colors_info=\u00bb{}\u00bb][et_pb_button button_url=\u00bbhttps:\/\/encuadre.org\/encuentro2022#ponentes\u00bb button_text=\u00bbREGRESAR\u00bb button_alignment=\u00bbcenter\u00bb _builder_version=\u00bb4.17.4&#8243; _module_preset=\u00bbdefault\u00bb custom_button=\u00bbon\u00bb button_text_size=\u00bb25px\u00bb button_text_color=\u00bb#228dff\u00bb button_bg_color=\u00bb#b6ff00&#8243; button_font=\u00bbSignika Negative|600|||||||\u00bb background_layout=\u00bbdark\u00bb global_colors_info=\u00bb{}\u00bb][\/et_pb_button][\/et_pb_column][\/et_pb_row][\/et_pb_section]<\/p>\n","protected":false},"excerpt":{"rendered":"","protected":false},"author":1,"featured_media":0,"parent":0,"menu_order":0,"comment_status":"closed","ping_status":"closed","template":"","meta":{"_et_pb_use_builder":"on","_et_pb_old_content":"","_et_gb_content_width":""},"_links":{"self":[{"href":"https:\/\/encuadre.org\/encuentro2022\/wp-json\/wp\/v2\/pages\/216567"}],"collection":[{"href":"https:\/\/encuadre.org\/encuentro2022\/wp-json\/wp\/v2\/pages"}],"about":[{"href":"https:\/\/encuadre.org\/encuentro2022\/wp-json\/wp\/v2\/types\/page"}],"author":[{"embeddable":true,"href":"https:\/\/encuadre.org\/encuentro2022\/wp-json\/wp\/v2\/users\/1"}],"replies":[{"embeddable":true,"href":"https:\/\/encuadre.org\/encuentro2022\/wp-json\/wp\/v2\/comments?post=216567"}],"version-history":[{"count":10,"href":"https:\/\/encuadre.org\/encuentro2022\/wp-json\/wp\/v2\/pages\/216567\/revisions"}],"predecessor-version":[{"id":216710,"href":"https:\/\/encuadre.org\/encuentro2022\/wp-json\/wp\/v2\/pages\/216567\/revisions\/216710"}],"wp:attachment":[{"href":"https:\/\/encuadre.org\/encuentro2022\/wp-json\/wp\/v2\/media?parent=216567"}],"curies":[{"name":"wp","href":"https:\/\/api.w.org\/{rel}","templated":true}]}}