{"id":216198,"date":"2022-08-06T04:32:23","date_gmt":"2022-08-06T04:32:23","guid":{"rendered":"https:\/\/encuadre.org\/encuentro2022\/?page_id=216198"},"modified":"2022-08-13T14:09:29","modified_gmt":"2022-08-13T14:09:29","slug":"sagi-haviv","status":"publish","type":"page","link":"https:\/\/encuadre.org\/encuentro2022\/sagi-haviv\/","title":{"rendered":"Sagi Haviv"},"content":{"rendered":"<p>[et_pb_section fb_built=\u00bb1&#8243; disabled_on=\u00bbon|on|off\u00bb module_id=\u00bbinicio\u00bb _builder_version=\u00bb4.17.4&#8243; background_color=\u00bb#ff0092&#8243; background_image=\u00bbhttps:\/\/encuadre.org\/encuentro2022\/wp-content\/uploads\/2022\/06\/hp_back3-copia-2.png\u00bb background_size=\u00bbcontain\u00bb background_repeat=\u00bbrepeat\u00bb module_alignment=\u00bbcenter\u00bb custom_margin=\u00bb||\u00bb custom_padding=\u00bb70px||70px|||\u00bb global_colors_info=\u00bb{}\u00bb][et_pb_row _builder_version=\u00bb4.17.4&#8243; _module_preset=\u00bbdefault\u00bb width_tablet=\u00bb\u00bb width_phone=\u00bb65%\u00bb width_last_edited=\u00bbon|phone\u00bb global_colors_info=\u00bb{}\u00bb][et_pb_column type=\u00bb4_4&#8243; _builder_version=\u00bb4.17.4&#8243; _module_preset=\u00bbdefault\u00bb global_colors_info=\u00bb{}\u00bb][et_pb_code _builder_version=\u00bb4.17.4&#8243; background_enable_image=\u00bboff\u00bb background_size=\u00bbcontain\u00bb background_position=\u00bbtop_right\u00bb animation_style=\u00bbslide\u00bb animation_direction=\u00bbbottom\u00bb hover_enabled=\u00bb0&#8243; background_last_edited=\u00bbon|phone\u00bb background_enable_image_phone=\u00bboff\u00bb global_colors_info=\u00bb{}\u00bb custom_css_after_last_edited=\u00bboff|phone\u00bb sticky_enabled=\u00bb0&#8243;]<\/p>\n<h1 style=\"text-align:center; font-size: 3em; color:#ffca1b;\">It&#8217;s never love at first sight<!-- [et_pb_line_break_holder] --><\/h1>\n<p>[\/et_pb_code][\/et_pb_column][\/et_pb_row][et_pb_row column_structure=\u00bb2_5,3_5&#8243; _builder_version=\u00bb4.17.4&#8243; background_enable_image=\u00bboff\u00bb background_size=\u00bbcontain\u00bb width=\u00bb65%\u00bb module_alignment=\u00bbcenter\u00bb animation_style=\u00bbslide\u00bb animation_direction=\u00bbbottom\u00bb animation_speed_curve=\u00bbease\u00bb background_last_edited=\u00bbon|desktop\u00bb global_colors_info=\u00bb{}\u00bb][et_pb_column type=\u00bb2_5&#8243; _builder_version=\u00bb4.16&#8243; custom_padding=\u00bb|||\u00bb global_colors_info=\u00bb{}\u00bb custom_padding__hover=\u00bb|||\u00bb][et_pb_image src=\u00bbhttps:\/\/encuadre.org\/encuentro2022\/wp-content\/uploads\/2022\/08\/ponentes_sagi-haviv.png\u00bb title_text=\u00bbponentes_sagi-haviv\u00bb url=\u00bbhttps:\/\/cghnyc.com\/\u00bb url_new_window=\u00bbon\u00bb _builder_version=\u00bb4.17.4&#8243; _module_preset=\u00bbdefault\u00bb global_colors_info=\u00bb{}\u00bb][\/et_pb_image][et_pb_code _builder_version=\u00bb4.17.4&#8243; custom_margin=\u00bb||0.5em||false|false\u00bb link_option_url=\u00bbhttps:\/\/cghnyc.com\/\u00bb link_option_url_new_window=\u00bbon\u00bb global_colors_info=\u00bb{}\u00bb]<\/p>\n<h3 style=\"text-align: center; font-weight: bold; padding: .2em; font-size:2em; background-color: #ffca1b;\">Sagi Haviv<\/h3>\n<p>[\/et_pb_code][et_pb_code _builder_version=\u00bb4.17.4&#8243; global_colors_info=\u00bb{}\u00bb]<pee style=\"text-align:center; font-weight: bold; color: #ffca1b; font-size:1.1em;\">SOCIO Y DISE\u00d1ADOR DE CHERMAYEFF &#038; GEISMAR &#038; HAVIV<!-- [et_pb_line_break_holder] --><\/pee>[\/et_pb_code][\/et_pb_column][et_pb_column type=\u00bb3_5&#8243; _builder_version=\u00bb4.16&#8243; custom_padding=\u00bb|||\u00bb global_colors_info=\u00bb{}\u00bb custom_padding__hover=\u00bb|||\u00bb][et_pb_code _builder_version=\u00bb4.17.4&#8243; global_colors_info=\u00bb{}\u00bb]<pee style=\"font-weight: bold; color: #ffca1b; font-size:1.2em;\">Su firma ha dise\u00f1ado importantes logotipos como:<!\u2013- [et_pb_br_holder] -\u2013><span style=\"font-size:1.2em; line-height:1.1em;\">NBC, Harvard University Press, Tecnol\u00f3gico de Monterrey, Mobil Oil, Showtime Networks, National Geographic, Animal Planet y Warner Bros.<\/span><\/pee><!-- [et_pb_line_break_holder] --><!-- [et_pb_line_break_holder] --><pee style=\"font-weight: bold; color: #ffca1b; font-size:1.2em;\"> Actualmente ense\u00f1a Dise\u00f1o de Identidad Visual en la<!\u2013- [et_pb_br_holder] -\u2013> <span style=\"font-size:1.2em; line-height:1.1em;\">Escuela de Artes Visuales en Nueva York.<\/span><\/pee>[\/et_pb_code][\/et_pb_column][\/et_pb_row][et_pb_row column_structure=\u00bb1_4,1_4,1_4,1_4&#8243; use_custom_gutter=\u00bbon\u00bb gutter_width=\u00bb4&#8243; _builder_version=\u00bb4.17.4&#8243; _module_preset=\u00bbdefault\u00bb background_color=\u00bb#FFFFFF\u00bb width=\u00bb65%\u00bb module_alignment=\u00bbcenter\u00bb custom_margin=\u00bb||||false|true\u00bb custom_padding=\u00bb50px|50px|50px|50px|true|true\u00bb animation_style=\u00bbslide\u00bb animation_direction=\u00bbbottom\u00bb global_colors_info=\u00bb{}\u00bb][et_pb_column type=\u00bb1_4&#8243; _builder_version=\u00bb4.17.4&#8243; _module_preset=\u00bbdefault\u00bb global_colors_info=\u00bb{}\u00bb][et_pb_image src=\u00bbhttps:\/\/encuadre.org\/encuentro2022\/wp-content\/uploads\/2022\/08\/logos_08.png\u00bb title_text=\u00bblogos_08&#8243; _builder_version=\u00bb4.17.4&#8243; _module_preset=\u00bbdefault\u00bb global_colors_info=\u00bb{}\u00bb][\/et_pb_image][et_pb_image src=\u00bbhttps:\/\/encuadre.org\/encuentro2022\/wp-content\/uploads\/2022\/08\/logos_13.png\u00bb title_text=\u00bblogos_13&#8243; _builder_version=\u00bb4.17.4&#8243; _module_preset=\u00bbdefault\u00bb global_colors_info=\u00bb{}\u00bb][\/et_pb_image][et_pb_image src=\u00bbhttps:\/\/encuadre.org\/encuentro2022\/wp-content\/uploads\/2022\/08\/logos_09.png\u00bb title_text=\u00bblogos_09&#8243; _builder_version=\u00bb4.17.4&#8243; _module_preset=\u00bbdefault\u00bb global_colors_info=\u00bb{}\u00bb][\/et_pb_image][et_pb_image src=\u00bbhttps:\/\/encuadre.org\/encuentro2022\/wp-content\/uploads\/2022\/08\/logos_03.png\u00bb title_text=\u00bblogos_03&#8243; _builder_version=\u00bb4.17.4&#8243; _module_preset=\u00bbdefault\u00bb global_colors_info=\u00bb{}\u00bb][\/et_pb_image][\/et_pb_column][et_pb_column type=\u00bb1_4&#8243; _builder_version=\u00bb4.17.4&#8243; _module_preset=\u00bbdefault\u00bb global_colors_info=\u00bb{}\u00bb][et_pb_image src=\u00bbhttps:\/\/encuadre.org\/encuentro2022\/wp-content\/uploads\/2022\/08\/logos_16.png\u00bb title_text=\u00bblogos_16&#8243; _builder_version=\u00bb4.17.4&#8243; _module_preset=\u00bbdefault\u00bb global_colors_info=\u00bb{}\u00bb][\/et_pb_image][et_pb_image src=\u00bbhttps:\/\/encuadre.org\/encuentro2022\/wp-content\/uploads\/2022\/08\/logos_12.png\u00bb title_text=\u00bblogos_12&#8243; _builder_version=\u00bb4.17.4&#8243; _module_preset=\u00bbdefault\u00bb global_colors_info=\u00bb{}\u00bb][\/et_pb_image][et_pb_image src=\u00bbhttps:\/\/encuadre.org\/encuentro2022\/wp-content\/uploads\/2022\/08\/logos_07.png\u00bb title_text=\u00bblogos_07&#8243; _builder_version=\u00bb4.17.4&#8243; _module_preset=\u00bbdefault\u00bb global_colors_info=\u00bb{}\u00bb][\/et_pb_image][et_pb_image src=\u00bbhttps:\/\/encuadre.org\/encuentro2022\/wp-content\/uploads\/2022\/08\/logos_02.png\u00bb title_text=\u00bblogos_02&#8243; _builder_version=\u00bb4.17.4&#8243; _module_preset=\u00bbdefault\u00bb global_colors_info=\u00bb{}\u00bb][\/et_pb_image][\/et_pb_column][et_pb_column type=\u00bb1_4&#8243; _builder_version=\u00bb4.17.4&#8243; _module_preset=\u00bbdefault\u00bb global_colors_info=\u00bb{}\u00bb][et_pb_image src=\u00bbhttps:\/\/encuadre.org\/encuentro2022\/wp-content\/uploads\/2022\/08\/logos_15.png\u00bb title_text=\u00bblogos_15&#8243; _builder_version=\u00bb4.17.4&#8243; _module_preset=\u00bbdefault\u00bb global_colors_info=\u00bb{}\u00bb][\/et_pb_image][et_pb_image src=\u00bbhttps:\/\/encuadre.org\/encuentro2022\/wp-content\/uploads\/2022\/08\/logos_11.png\u00bb title_text=\u00bblogos_11&#8243; _builder_version=\u00bb4.17.4&#8243; _module_preset=\u00bbdefault\u00bb global_colors_info=\u00bb{}\u00bb][\/et_pb_image][et_pb_image src=\u00bbhttps:\/\/encuadre.org\/encuentro2022\/wp-content\/uploads\/2022\/08\/logos_05.png\u00bb title_text=\u00bblogos_05&#8243; _builder_version=\u00bb4.17.4&#8243; _module_preset=\u00bbdefault\u00bb global_colors_info=\u00bb{}\u00bb][\/et_pb_image][et_pb_image src=\u00bbhttps:\/\/encuadre.org\/encuentro2022\/wp-content\/uploads\/2022\/08\/logos_01.png\u00bb title_text=\u00bblogos_01&#8243; _builder_version=\u00bb4.17.4&#8243; _module_preset=\u00bbdefault\u00bb global_colors_info=\u00bb{}\u00bb][\/et_pb_image][\/et_pb_column][et_pb_column type=\u00bb1_4&#8243; _builder_version=\u00bb4.17.4&#8243; _module_preset=\u00bbdefault\u00bb global_colors_info=\u00bb{}\u00bb][et_pb_image src=\u00bbhttps:\/\/encuadre.org\/encuentro2022\/wp-content\/uploads\/2022\/08\/logos_14.png\u00bb title_text=\u00bblogos_14&#8243; _builder_version=\u00bb4.17.4&#8243; _module_preset=\u00bbdefault\u00bb global_colors_info=\u00bb{}\u00bb][\/et_pb_image][et_pb_image src=\u00bbhttps:\/\/encuadre.org\/encuentro2022\/wp-content\/uploads\/2022\/08\/logos_10.png\u00bb title_text=\u00bblogos_10&#8243; _builder_version=\u00bb4.17.4&#8243; _module_preset=\u00bbdefault\u00bb global_colors_info=\u00bb{}\u00bb][\/et_pb_image][et_pb_image src=\u00bbhttps:\/\/encuadre.org\/encuentro2022\/wp-content\/uploads\/2022\/08\/logos_06.png\u00bb title_text=\u00bblogos_06&#8243; _builder_version=\u00bb4.17.4&#8243; _module_preset=\u00bbdefault\u00bb global_colors_info=\u00bb{}\u00bb][\/et_pb_image][et_pb_image src=\u00bbhttps:\/\/encuadre.org\/encuentro2022\/wp-content\/uploads\/2022\/08\/logos_04.png\u00bb title_text=\u00bblogos_04&#8243; _builder_version=\u00bb4.17.4&#8243; _module_preset=\u00bbdefault\u00bb global_colors_info=\u00bb{}\u00bb][\/et_pb_image][\/et_pb_column][\/et_pb_row][et_pb_row column_structure=\u00bb1_2,1_2&#8243; _builder_version=\u00bb4.17.4&#8243; width=\u00bb65%\u00bb module_alignment=\u00bbcenter\u00bb custom_margin=\u00bb3em||||false|false\u00bb animation_style=\u00bbslide\u00bb animation_direction=\u00bbbottom\u00bb animation_speed_curve=\u00bbease\u00bb global_colors_info=\u00bb{}\u00bb][et_pb_column type=\u00bb1_2&#8243; _builder_version=\u00bb4.16&#8243; custom_padding=\u00bb|||\u00bb global_colors_info=\u00bb{}\u00bb custom_padding__hover=\u00bb|||\u00bb][et_pb_code _builder_version=\u00bb4.17.4&#8243; global_colors_info=\u00bb{}\u00bb]<\/p>\n<h2 style=\"font-weight: bold; color: #ffca1b; font-size:2.5em;\">Coautor de dos libros<\/h2>\n<p><!-- [et_pb_line_break_holder] --><!-- [et_pb_line_break_holder] --><pee style=\"font-weight: bold; color: #ffca1b; font-size:1.5em; line-height:1.1em;\">Identify: Principios b\u00e1sicos del dise\u00f1o de identidad en las marcas registradas ic\u00f3nicas de Chermayeff &#038; Geismar<\/pee><!-- [et_pb_line_break_holder] --><!-- [et_pb_line_break_holder] --><pee style=\"font-weight: bold; color: #ffca1b; font-size:1.5em; line-height:1.1em;\">Identity: Chermayeff &#038; Geismar &#038; Haviv<\/pee><!-- [et_pb_line_break_holder] -->[\/et_pb_code][\/et_pb_column][et_pb_column type=\u00bb1_2&#8243; _builder_version=\u00bb4.16&#8243; custom_padding=\u00bb|||\u00bb global_colors_info=\u00bb{}\u00bb custom_padding__hover=\u00bb|||\u00bb][et_pb_image src=\u00bbhttps:\/\/encuadre.org\/encuentro2022\/wp-content\/uploads\/2022\/08\/libros.png\u00bb title_text=\u00bblibros\u00bb _builder_version=\u00bb4.17.4&#8243; _module_preset=\u00bbdefault\u00bb global_colors_info=\u00bb{}\u00bb][\/et_pb_image][\/et_pb_column][\/et_pb_row][\/et_pb_section][et_pb_section fb_built=\u00bb1&#8243; disabled_on=\u00bboff|off|on\u00bb module_id=\u00bbinicio\u00bb _builder_version=\u00bb4.17.4&#8243; background_color=\u00bb#ff0092&#8243; background_image=\u00bbhttps:\/\/encuadre.org\/encuentro2022\/wp-content\/uploads\/2022\/08\/mobile-05.png\u00bb background_size=\u00bbcontain\u00bb background_repeat=\u00bbrepeat\u00bb module_alignment=\u00bbcenter\u00bb custom_margin=\u00bb||\u00bb custom_padding=\u00bb70px||70px|||\u00bb global_colors_info=\u00bb{}\u00bb][et_pb_row _builder_version=\u00bb4.17.4&#8243; _module_preset=\u00bbdefault\u00bb width_tablet=\u00bb\u00bb width_phone=\u00bb65%\u00bb width_last_edited=\u00bbon|phone\u00bb global_colors_info=\u00bb{}\u00bb][et_pb_column type=\u00bb4_4&#8243; _builder_version=\u00bb4.17.4&#8243; _module_preset=\u00bbdefault\u00bb global_colors_info=\u00bb{}\u00bb][et_pb_code _builder_version=\u00bb4.17.4&#8243; background_enable_image=\u00bboff\u00bb background_size=\u00bbcontain\u00bb background_position=\u00bbtop_right\u00bb animation_style=\u00bbslide\u00bb animation_direction=\u00bbbottom\u00bb hover_enabled=\u00bb0&#8243; background_last_edited=\u00bbon|phone\u00bb background_enable_image_phone=\u00bboff\u00bb global_colors_info=\u00bb{}\u00bb custom_css_after_last_edited=\u00bboff|phone\u00bb sticky_enabled=\u00bb0&#8243;]<\/p>\n<h1 style=\"text-align:center; font-size: 2.5em; color:#ffca1b;\">It&#8217;s never love at first sight<!-- [et_pb_line_break_holder] --><\/h1>\n<p>[\/et_pb_code][\/et_pb_column][\/et_pb_row][et_pb_row column_structure=\u00bb2_5,3_5&#8243; _builder_version=\u00bb4.17.4&#8243; background_enable_image=\u00bboff\u00bb background_size=\u00bbcontain\u00bb width=\u00bb65%\u00bb module_alignment=\u00bbcenter\u00bb animation_style=\u00bbslide\u00bb animation_direction=\u00bbbottom\u00bb animation_speed_curve=\u00bbease\u00bb background_last_edited=\u00bbon|desktop\u00bb global_colors_info=\u00bb{}\u00bb][et_pb_column type=\u00bb2_5&#8243; _builder_version=\u00bb4.16&#8243; custom_padding=\u00bb|||\u00bb global_colors_info=\u00bb{}\u00bb custom_padding__hover=\u00bb|||\u00bb][et_pb_image src=\u00bbhttps:\/\/encuadre.org\/encuentro2022\/wp-content\/uploads\/2022\/08\/ponentes_sagi-haviv.png\u00bb title_text=\u00bbponentes_sagi-haviv\u00bb url=\u00bbhttps:\/\/cghnyc.com\/\u00bb url_new_window=\u00bbon\u00bb _builder_version=\u00bb4.17.4&#8243; _module_preset=\u00bbdefault\u00bb global_colors_info=\u00bb{}\u00bb][\/et_pb_image][et_pb_code _builder_version=\u00bb4.17.4&#8243; custom_margin=\u00bb||0.5em||false|false\u00bb link_option_url=\u00bbhttps:\/\/cghnyc.com\/\u00bb link_option_url_new_window=\u00bbon\u00bb global_colors_info=\u00bb{}\u00bb]<\/p>\n<h3 style=\"text-align: center; font-weight: bold; padding: .2em; font-size:2em; background-color: #ffca1b;\">Sagi Haviv<\/h3>\n<p>[\/et_pb_code][et_pb_code _builder_version=\u00bb4.17.4&#8243; global_colors_info=\u00bb{}\u00bb]<pee style=\"text-align:center; font-weight: bold; color: #ffca1b; font-size:1.1em;\">SOCIO Y DISE\u00d1ADOR DE CHERMAYEFF &#038; GEISMAR &#038; HAVIV<!-- [et_pb_line_break_holder] --><\/pee>[\/et_pb_code][\/et_pb_column][et_pb_column type=\u00bb3_5&#8243; _builder_version=\u00bb4.16&#8243; custom_padding=\u00bb|||\u00bb global_colors_info=\u00bb{}\u00bb custom_padding__hover=\u00bb|||\u00bb][et_pb_code _builder_version=\u00bb4.17.4&#8243; global_colors_info=\u00bb{}\u00bb]<pee style=\"font-weight: bold; color: #ffca1b; font-size:1em; text-align:center;\">Su firma ha dise\u00f1ado importantes logotipos como:<!\u2013- [et_pb_br_holder] -\u2013><span style=\"font-size:1.2em; line-height:1.1em;\">NBC, Harvard University Press, Tecnol\u00f3gico de Monterrey, Mobil Oil, Showtime Networks, National Geographic, Animal Planet y Warner Bros.<\/span><\/pee><!-- [et_pb_line_break_holder] --><!-- [et_pb_line_break_holder] --><pee style=\"font-weight: bold; color: #ffca1b; font-size:1em; text-align:center;\"> Actualmente ense\u00f1a Dise\u00f1o de Identidad Visual en la<!\u2013- [et_pb_br_holder] -\u2013> <span style=\"font-size:1.2em; line-height:1.1em;\">Escuela de Artes Visuales en Nueva York.<\/span><\/pee>[\/et_pb_code][\/et_pb_column][\/et_pb_row][et_pb_row column_structure=\u00bb1_4,1_4,1_4,1_4&#8243; use_custom_gutter=\u00bbon\u00bb gutter_width=\u00bb4&#8243; _builder_version=\u00bb4.17.4&#8243; _module_preset=\u00bbdefault\u00bb background_color=\u00bb#FFFFFF\u00bb width=\u00bb65%\u00bb module_alignment=\u00bbcenter\u00bb custom_margin=\u00bb||||false|true\u00bb custom_padding=\u00bb50px|50px|50px|50px|true|true\u00bb animation_style=\u00bbslide\u00bb animation_direction=\u00bbbottom\u00bb global_colors_info=\u00bb{}\u00bb][et_pb_column type=\u00bb1_4&#8243; _builder_version=\u00bb4.17.4&#8243; _module_preset=\u00bbdefault\u00bb global_colors_info=\u00bb{}\u00bb][et_pb_image src=\u00bbhttps:\/\/encuadre.org\/encuentro2022\/wp-content\/uploads\/2022\/08\/logos_08.png\u00bb title_text=\u00bblogos_08&#8243; _builder_version=\u00bb4.17.4&#8243; _module_preset=\u00bbdefault\u00bb global_colors_info=\u00bb{}\u00bb][\/et_pb_image][et_pb_image src=\u00bbhttps:\/\/encuadre.org\/encuentro2022\/wp-content\/uploads\/2022\/08\/logos_13.png\u00bb title_text=\u00bblogos_13&#8243; _builder_version=\u00bb4.17.4&#8243; _module_preset=\u00bbdefault\u00bb global_colors_info=\u00bb{}\u00bb][\/et_pb_image][et_pb_image src=\u00bbhttps:\/\/encuadre.org\/encuentro2022\/wp-content\/uploads\/2022\/08\/logos_09.png\u00bb title_text=\u00bblogos_09&#8243; _builder_version=\u00bb4.17.4&#8243; _module_preset=\u00bbdefault\u00bb global_colors_info=\u00bb{}\u00bb][\/et_pb_image][et_pb_image src=\u00bbhttps:\/\/encuadre.org\/encuentro2022\/wp-content\/uploads\/2022\/08\/logos_03.png\u00bb title_text=\u00bblogos_03&#8243; _builder_version=\u00bb4.17.4&#8243; _module_preset=\u00bbdefault\u00bb global_colors_info=\u00bb{}\u00bb][\/et_pb_image][\/et_pb_column][et_pb_column type=\u00bb1_4&#8243; _builder_version=\u00bb4.17.4&#8243; _module_preset=\u00bbdefault\u00bb global_colors_info=\u00bb{}\u00bb][et_pb_image src=\u00bbhttps:\/\/encuadre.org\/encuentro2022\/wp-content\/uploads\/2022\/08\/logos_16.png\u00bb title_text=\u00bblogos_16&#8243; _builder_version=\u00bb4.17.4&#8243; _module_preset=\u00bbdefault\u00bb global_colors_info=\u00bb{}\u00bb][\/et_pb_image][et_pb_image src=\u00bbhttps:\/\/encuadre.org\/encuentro2022\/wp-content\/uploads\/2022\/08\/logos_12.png\u00bb title_text=\u00bblogos_12&#8243; _builder_version=\u00bb4.17.4&#8243; _module_preset=\u00bbdefault\u00bb global_colors_info=\u00bb{}\u00bb][\/et_pb_image][et_pb_image src=\u00bbhttps:\/\/encuadre.org\/encuentro2022\/wp-content\/uploads\/2022\/08\/logos_07.png\u00bb title_text=\u00bblogos_07&#8243; _builder_version=\u00bb4.17.4&#8243; _module_preset=\u00bbdefault\u00bb global_colors_info=\u00bb{}\u00bb][\/et_pb_image][et_pb_image src=\u00bbhttps:\/\/encuadre.org\/encuentro2022\/wp-content\/uploads\/2022\/08\/logos_02.png\u00bb title_text=\u00bblogos_02&#8243; _builder_version=\u00bb4.17.4&#8243; _module_preset=\u00bbdefault\u00bb global_colors_info=\u00bb{}\u00bb][\/et_pb_image][\/et_pb_column][et_pb_column type=\u00bb1_4&#8243; _builder_version=\u00bb4.17.4&#8243; _module_preset=\u00bbdefault\u00bb global_colors_info=\u00bb{}\u00bb][et_pb_image src=\u00bbhttps:\/\/encuadre.org\/encuentro2022\/wp-content\/uploads\/2022\/08\/logos_15.png\u00bb title_text=\u00bblogos_15&#8243; _builder_version=\u00bb4.17.4&#8243; _module_preset=\u00bbdefault\u00bb global_colors_info=\u00bb{}\u00bb][\/et_pb_image][et_pb_image src=\u00bbhttps:\/\/encuadre.org\/encuentro2022\/wp-content\/uploads\/2022\/08\/logos_11.png\u00bb title_text=\u00bblogos_11&#8243; _builder_version=\u00bb4.17.4&#8243; _module_preset=\u00bbdefault\u00bb global_colors_info=\u00bb{}\u00bb][\/et_pb_image][et_pb_image src=\u00bbhttps:\/\/encuadre.org\/encuentro2022\/wp-content\/uploads\/2022\/08\/logos_05.png\u00bb title_text=\u00bblogos_05&#8243; _builder_version=\u00bb4.17.4&#8243; _module_preset=\u00bbdefault\u00bb global_colors_info=\u00bb{}\u00bb][\/et_pb_image][et_pb_image src=\u00bbhttps:\/\/encuadre.org\/encuentro2022\/wp-content\/uploads\/2022\/08\/logos_01.png\u00bb title_text=\u00bblogos_01&#8243; _builder_version=\u00bb4.17.4&#8243; _module_preset=\u00bbdefault\u00bb global_colors_info=\u00bb{}\u00bb][\/et_pb_image][\/et_pb_column][et_pb_column type=\u00bb1_4&#8243; _builder_version=\u00bb4.17.4&#8243; _module_preset=\u00bbdefault\u00bb global_colors_info=\u00bb{}\u00bb][et_pb_image src=\u00bbhttps:\/\/encuadre.org\/encuentro2022\/wp-content\/uploads\/2022\/08\/logos_14.png\u00bb title_text=\u00bblogos_14&#8243; _builder_version=\u00bb4.17.4&#8243; _module_preset=\u00bbdefault\u00bb global_colors_info=\u00bb{}\u00bb][\/et_pb_image][et_pb_image src=\u00bbhttps:\/\/encuadre.org\/encuentro2022\/wp-content\/uploads\/2022\/08\/logos_10.png\u00bb title_text=\u00bblogos_10&#8243; _builder_version=\u00bb4.17.4&#8243; _module_preset=\u00bbdefault\u00bb global_colors_info=\u00bb{}\u00bb][\/et_pb_image][et_pb_image src=\u00bbhttps:\/\/encuadre.org\/encuentro2022\/wp-content\/uploads\/2022\/08\/logos_06.png\u00bb title_text=\u00bblogos_06&#8243; _builder_version=\u00bb4.17.4&#8243; _module_preset=\u00bbdefault\u00bb global_colors_info=\u00bb{}\u00bb][\/et_pb_image][et_pb_image src=\u00bbhttps:\/\/encuadre.org\/encuentro2022\/wp-content\/uploads\/2022\/08\/logos_04.png\u00bb title_text=\u00bblogos_04&#8243; _builder_version=\u00bb4.17.4&#8243; _module_preset=\u00bbdefault\u00bb global_colors_info=\u00bb{}\u00bb][\/et_pb_image][\/et_pb_column][\/et_pb_row][et_pb_row column_structure=\u00bb1_2,1_2&#8243; _builder_version=\u00bb4.17.4&#8243; width=\u00bb65%\u00bb module_alignment=\u00bbcenter\u00bb custom_margin=\u00bb3em||||false|false\u00bb animation_style=\u00bbslide\u00bb animation_direction=\u00bbbottom\u00bb animation_speed_curve=\u00bbease\u00bb link_option_url=\u00bbhttps:\/\/cghnyc.com\/\u00bb link_option_url_new_window=\u00bbon\u00bb global_colors_info=\u00bb{}\u00bb][et_pb_column type=\u00bb1_2&#8243; _builder_version=\u00bb4.16&#8243; custom_padding=\u00bb|||\u00bb global_colors_info=\u00bb{}\u00bb custom_padding__hover=\u00bb|||\u00bb][et_pb_code _builder_version=\u00bb4.17.4&#8243; hover_enabled=\u00bb0&#8243; global_colors_info=\u00bb{}\u00bb sticky_enabled=\u00bb0&#8243;]<\/p>\n<h2 style=\"font-weight: bold; color: #ffca1b; font-size:2.5em;text-align:center;\">Coautor de dos libros<\/h2>\n<p><!-- [et_pb_line_break_holder] --><!-- [et_pb_line_break_holder] --><pee style=\"font-weight: bold; color: #ffca1b; font-size:1.5em; line-height:1.1em;text-align:center;\">Identify: Principios b\u00e1sicos del dise\u00f1o de identidad en las marcas registradas ic\u00f3nicas de Chermayeff &#038; Geismar<\/pee><!-- [et_pb_line_break_holder] --><!-- [et_pb_line_break_holder] --><pee style=\"font-weight: bold; color: #ffca1b; font-size:1.5em; line-height:1.1em; text-align:center;\">Identity: Chermayeff &#038; Geismar &#038; Haviv<\/pee><!-- [et_pb_line_break_holder] -->[\/et_pb_code][\/et_pb_column][et_pb_column type=\u00bb1_2&#8243; _builder_version=\u00bb4.16&#8243; custom_padding=\u00bb|||\u00bb global_colors_info=\u00bb{}\u00bb custom_padding__hover=\u00bb|||\u00bb][et_pb_image src=\u00bbhttps:\/\/encuadre.org\/encuentro2022\/wp-content\/uploads\/2022\/08\/libros.png\u00bb title_text=\u00bblibros\u00bb _builder_version=\u00bb4.17.4&#8243; _module_preset=\u00bbdefault\u00bb global_colors_info=\u00bb{}\u00bb][\/et_pb_image][\/et_pb_column][\/et_pb_row][\/et_pb_section][et_pb_section fb_built=\u00bb1&#8243; _builder_version=\u00bb4.17.4&#8243; _module_preset=\u00bbdefault\u00bb background_color=\u00bb#228dff\u00bb global_colors_info=\u00bb{}\u00bb][et_pb_row _builder_version=\u00bb4.17.4&#8243; _module_preset=\u00bbdefault\u00bb global_colors_info=\u00bb{}\u00bb][et_pb_column type=\u00bb4_4&#8243; _builder_version=\u00bb4.17.4&#8243; _module_preset=\u00bbdefault\u00bb global_colors_info=\u00bb{}\u00bb][et_pb_button button_url=\u00bbhttps:\/\/encuadre.org\/encuentro2022#ponentes\u00bb button_text=\u00bbREGRESAR\u00bb button_alignment=\u00bbcenter\u00bb _builder_version=\u00bb4.17.4&#8243; _module_preset=\u00bbdefault\u00bb custom_button=\u00bbon\u00bb button_text_size=\u00bb25px\u00bb button_text_color=\u00bb#228dff\u00bb button_bg_color=\u00bb#b6ff00&#8243; button_font=\u00bbSignika Negative|600|||||||\u00bb background_layout=\u00bbdark\u00bb global_colors_info=\u00bb{}\u00bb][\/et_pb_button][\/et_pb_column][\/et_pb_row][\/et_pb_section]<\/p>\n","protected":false},"excerpt":{"rendered":"","protected":false},"author":1,"featured_media":0,"parent":0,"menu_order":0,"comment_status":"closed","ping_status":"closed","template":"","meta":{"_et_pb_use_builder":"on","_et_pb_old_content":"","_et_gb_content_width":""},"_links":{"self":[{"href":"https:\/\/encuadre.org\/encuentro2022\/wp-json\/wp\/v2\/pages\/216198"}],"collection":[{"href":"https:\/\/encuadre.org\/encuentro2022\/wp-json\/wp\/v2\/pages"}],"about":[{"href":"https:\/\/encuadre.org\/encuentro2022\/wp-json\/wp\/v2\/types\/page"}],"author":[{"embeddable":true,"href":"https:\/\/encuadre.org\/encuentro2022\/wp-json\/wp\/v2\/users\/1"}],"replies":[{"embeddable":true,"href":"https:\/\/encuadre.org\/encuentro2022\/wp-json\/wp\/v2\/comments?post=216198"}],"version-history":[{"count":20,"href":"https:\/\/encuadre.org\/encuentro2022\/wp-json\/wp\/v2\/pages\/216198\/revisions"}],"predecessor-version":[{"id":216425,"href":"https:\/\/encuadre.org\/encuentro2022\/wp-json\/wp\/v2\/pages\/216198\/revisions\/216425"}],"wp:attachment":[{"href":"https:\/\/encuadre.org\/encuentro2022\/wp-json\/wp\/v2\/media?parent=216198"}],"curies":[{"name":"wp","href":"https:\/\/api.w.org\/{rel}","templated":true}]}}