{"id":215993,"date":"2022-07-04T12:35:57","date_gmt":"2022-07-04T12:35:57","guid":{"rendered":"https:\/\/encuadre.org\/encuentro2022\/?page_id=215993"},"modified":"2022-07-05T01:18:35","modified_gmt":"2022-07-05T01:18:35","slug":"faq","status":"publish","type":"page","link":"https:\/\/encuadre.org\/encuentro2022\/faq\/","title":{"rendered":"Preguntas frecuentes"},"content":{"rendered":"<p>[et_pb_section fb_built=\u00bb1&#8243; module_id=\u00bbotros\u00bb _builder_version=\u00bb4.17.4&#8243; background_color=\u00bb#ba01ff\u00bb background_image=\u00bbhttps:\/\/encuadre.org\/encuentro2022\/wp-content\/uploads\/2022\/06\/hp_back3-copia-3.png\u00bb module_alignment=\u00bbcenter\u00bb custom_margin=\u00bb||\u00bb custom_padding=\u00bb70px||70px|||\u00bb hover_enabled=\u00bb0&#8243; custom_css_main_element=\u00bb   display: flex;||   flex-direction: column;||   justify-content: center;\u00bb global_colors_info=\u00bb{}\u00bb title_text=\u00bbhp_back3 copia 3&#8243; sticky_enabled=\u00bb0&#8243;][et_pb_row _builder_version=\u00bb4.17.4&#8243; background_color=\u00bbrgba(0,0,0,0)\u00bb background_size=\u00bbinitial\u00bb background_position=\u00bbcenter_left\u00bb width=\u00bb65%\u00bb module_alignment=\u00bbcenter\u00bb custom_padding=\u00bb||50px|||\u00bb animation_style=\u00bbslide\u00bb animation_direction=\u00bbbottom\u00bb hover_enabled=\u00bb0&#8243; global_colors_info=\u00bb{}\u00bb sticky_enabled=\u00bb0&#8243;][et_pb_column type=\u00bb4_4&#8243; _builder_version=\u00bb4.16&#8243; custom_padding=\u00bb|||\u00bb global_colors_info=\u00bb{}\u00bb custom_padding__hover=\u00bb|||\u00bb][et_pb_code _builder_version=\u00bb4.17.4&#8243; background_size=\u00bbcontain\u00bb background_position=\u00bbtop_right\u00bb hover_enabled=\u00bb0&#8243; custom_css_main_element=\u00bbtext-align:center;\u00bb global_colors_info=\u00bb{}\u00bb sticky_enabled=\u00bb0&#8243;]<\/p>\n<h1 style=\"text-align:center; font-size: 4em; color:#ffca1b;\">Preguntas frecuentes<\/h1>\n<p>[\/et_pb_code][\/et_pb_column][\/et_pb_row][et_pb_row _builder_version=\u00bb4.17.4&#8243; _module_preset=\u00bbdefault\u00bb hover_enabled=\u00bb0&#8243; sticky_enabled=\u00bb0&#8243; width=\u00bb65%\u00bb animation_style=\u00bbslide\u00bb animation_direction=\u00bbbottom\u00bb disabled_on=\u00bbon|off|off\u00bb][et_pb_column _builder_version=\u00bb4.17.4&#8243; _module_preset=\u00bbdefault\u00bb type=\u00bb4_4&#8243;][et_pb_accordion _builder_version=\u00bb4.17.4&#8243; _module_preset=\u00bbdefault\u00bb hover_enabled=\u00bb0&#8243; sticky_enabled=\u00bb0&#8243; toggle_text_color=\u00bb#ba01ff\u00bb toggle_font_size=\u00bb29px\u00bb open_toggle_text_color=\u00bb#ba01ff\u00bb][et_pb_accordion_item title=\u00bb\u00bfC\u00f3mo participar en el Encuentro?\u00bb _builder_version=\u00bb4.17.4&#8243; _module_preset=\u00bbdefault\u00bb open=\u00bboff\u00bb hover_enabled=\u00bb0&#8243; sticky_enabled=\u00bb0&#8243; background_color=\u00bb#ffca1b\u00bb background_enable_color=\u00bbon\u00bb border_width_all=\u00bb0px\u00bb icon_color=\u00bb#ba01ff\u00bb closed_toggle_font=\u00bb||||||||\u00bb use_icon_font_size=\u00bbon\u00bb icon_font_size=\u00bb28px\u00bb toggle_icon=\u00bb&#xe050;||divi||400&#8243;]<strong><span style=\"color: #ba01ff;\">El XXXII Encuentro Nacional de Escuelas de Dise\u00f1o Gr\u00e1fico ENCUADRE comprando en nuestro sitio web tu boleto y registrando tus datos.<\/span><\/strong>[\/et_pb_accordion_item][et_pb_accordion_item title=\u00bb\u00bfC\u00f3mo participo en los talleres?\u00bb _builder_version=\u00bb4.17.4&#8243; _module_preset=\u00bbdefault\u00bb open=\u00bboff\u00bb hover_enabled=\u00bb0&#8243; sticky_enabled=\u00bb0&#8243; background_color=\u00bb#ffca1b\u00bb background_enable_color=\u00bbon\u00bb border_width_all=\u00bb0px\u00bb icon_color=\u00bb#ba01ff\u00bb closed_toggle_font=\u00bb||||||||\u00bb use_icon_font_size=\u00bbon\u00bb icon_font_size=\u00bb28px\u00bb toggle_icon=\u00bb&#xe050;||divi||400&#8243;]<\/p>\n<p><strong><span style=\"color: #ba01ff;\">S\u00f3lo inscr\u00edbete gratis en el taller que desees, con tu folio de boleto de conferencias y en los formatos de registro.<\/span><\/strong><\/p>\n<p>[\/et_pb_accordion_item][et_pb_accordion_item title=\u00bb\u00bfEl evento tiene alg\u00fan costo?\u00bb _builder_version=\u00bb4.17.4&#8243; _module_preset=\u00bbdefault\u00bb open=\u00bboff\u00bb hover_enabled=\u00bb0&#8243; sticky_enabled=\u00bb0&#8243; background_color=\u00bb#ffca1b\u00bb background_enable_color=\u00bbon\u00bb border_width_all=\u00bb0px\u00bb icon_color=\u00bb#ba01ff\u00bb closed_toggle_font=\u00bb||||||||\u00bb use_icon_font_size=\u00bbon\u00bb icon_font_size=\u00bb28px\u00bb toggle_icon=\u00bb&#xe050;||divi||400&#8243;]<strong><span style=\"color: #ba01ff;\">Tiene costo \u00fanico de $600.00 para participantes de escuelas afiliadas.<\/span><\/strong>[\/et_pb_accordion_item][et_pb_accordion_item title=\u00bb\u00bfD\u00f3nde se efectuar\u00e1 el evento?\u00bb _builder_version=\u00bb4.17.4&#8243; _module_preset=\u00bbdefault\u00bb open=\u00bboff\u00bb hover_enabled=\u00bb0&#8243; sticky_enabled=\u00bb0&#8243; background_color=\u00bb#ffca1b\u00bb background_enable_color=\u00bbon\u00bb border_width_all=\u00bb0px\u00bb icon_color=\u00bb#ba01ff\u00bb closed_toggle_font=\u00bb||||||||\u00bb use_icon_font_size=\u00bbon\u00bb icon_font_size=\u00bb28px\u00bb toggle_icon=\u00bb&#xe050;||divi||400&#8243;]<\/p>\n<p><strong><span style=\"color: #ba01ff;\">El XXXII Encuentro Nacional de Escuelas de Dise\u00f1o Gr\u00e1fico ENCUADRE tendr\u00e1 la sede en el IEST-AN\u00c1HUAC en Tampico, Tamaulipas.<\/span><\/strong><\/p>\n<p>[\/et_pb_accordion_item][et_pb_accordion_item title=\u00bb\u00bfDar\u00e1n constancia de participaci\u00f3n?\u00bb _builder_version=\u00bb4.17.4&#8243; _module_preset=\u00bbdefault\u00bb open=\u00bboff\u00bb hover_enabled=\u00bb0&#8243; sticky_enabled=\u00bb0&#8243; background_color=\u00bb#ffca1b\u00bb background_enable_color=\u00bbon\u00bb border_width_all=\u00bb0px\u00bb icon_color=\u00bb#ba01ff\u00bb closed_toggle_font=\u00bb||||||||\u00bb use_icon_font_size=\u00bbon\u00bb icon_font_size=\u00bb28px\u00bb toggle_icon=\u00bb&#xe050;||divi||400&#8243;]<strong><span style=\"color: #ba01ff;\">Todos los participantes recibir\u00e1n en su correo de manera digital una constancia de participaci\u00f3n tanto de taller como conferencias.<\/span><\/strong>[\/et_pb_accordion_item][et_pb_accordion_item title=\u00bb\u00bfCu\u00e1les son los datos de contacto?\u00bb _builder_version=\u00bb4.17.4&#8243; _module_preset=\u00bbdefault\u00bb open=\u00bboff\u00bb hover_enabled=\u00bb0&#8243; sticky_enabled=\u00bb0&#8243; background_color=\u00bb#ffca1b\u00bb background_enable_color=\u00bbon\u00bb border_width_all=\u00bb0px\u00bb icon_color=\u00bb#ba01ff\u00bb closed_toggle_font=\u00bb||||||||\u00bb use_icon_font_size=\u00bbon\u00bb icon_font_size=\u00bb28px\u00bb toggle_icon=\u00bb&#xe050;||divi||400&#8243;]<\/p>\n<p><strong><span style=\"color: #ba01ff;\">Puedes escribir al correo electr\u00f3nico <span style=\"text-decoration: underline;\"><a href=\"mailto:encuentro2022@encuadre.org\" target=\"_blank\" rel=\"noopener\" style=\"color: #ba01ff; text-decoration: underline;\">encuentro2022@encuadre.org<\/a><\/span><br \/>Tambi\u00e9n por nuestras redes sociales <span style=\"text-decoration: underline;\"><a href=\"https:\/\/www.instagram.com\/iestanahuac\/\" target=\"_blank\" rel=\"noopener\" style=\"color: #ba01ff; text-decoration: underline;\">Instagram<\/a><\/span> y <a href=\"https:\/\/www.facebook.com\/iestanahuac\/\" target=\"_blank\" rel=\"noopener\" style=\"color: #ba01ff;\"><span style=\"text-decoration: underline;\">FaceBook<\/span><\/a>.<br \/><\/span><\/strong><\/p>\n<p>[\/et_pb_accordion_item][et_pb_accordion_item title=\u00bb\u00bfQu\u00e9 universidades son anfitrionas?\u00bb _builder_version=\u00bb4.17.4&#8243; _module_preset=\u00bbdefault\u00bb open=\u00bbon\u00bb hover_enabled=\u00bb0&#8243; sticky_enabled=\u00bb0&#8243; background_color=\u00bb#ffca1b\u00bb background_enable_color=\u00bbon\u00bb border_width_all=\u00bb0px\u00bb icon_color=\u00bb#ba01ff\u00bb closed_toggle_font=\u00bb||||||||\u00bb use_icon_font_size=\u00bbon\u00bb icon_font_size=\u00bb28px\u00bb toggle_icon=\u00bb&#xe050;||divi||400&#8243;]<strong><span style=\"color: #ba01ff;\">Escuela de Dise\u00f1o Gr\u00e1fico IEST-AN\u00c1HUAC.<br \/>\n<\/span><\/strong>[\/et_pb_accordion_item][\/et_pb_accordion][\/et_pb_column][\/et_pb_row][et_pb_row _builder_version=\u00bb4.17.4&#8243; _module_preset=\u00bbdefault\u00bb hover_enabled=\u00bb0&#8243; sticky_enabled=\u00bb0&#8243; width=\u00bb65%\u00bb animation_style=\u00bbslide\u00bb animation_direction=\u00bbbottom\u00bb disabled_on=\u00bboff|on|on\u00bb][et_pb_column _builder_version=\u00bb4.17.4&#8243; _module_preset=\u00bbdefault\u00bb type=\u00bb4_4&#8243;][et_pb_accordion _builder_version=\u00bb4.17.4&#8243; _module_preset=\u00bbdefault\u00bb hover_enabled=\u00bb0&#8243; sticky_enabled=\u00bb0&#8243; toggle_text_color=\u00bb#ba01ff\u00bb toggle_font_size=\u00bb22px\u00bb open_toggle_text_color=\u00bb#ba01ff\u00bb][et_pb_accordion_item title=\u00bb\u00bfC\u00f3mo participar en el Encuentro?\u00bb _builder_version=\u00bb4.17.4&#8243; _module_preset=\u00bbdefault\u00bb open=\u00bbon\u00bb hover_enabled=\u00bb0&#8243; sticky_enabled=\u00bb0&#8243; background_color=\u00bb#ffca1b\u00bb background_enable_color=\u00bbon\u00bb border_width_all=\u00bb0px\u00bb icon_color=\u00bb#ba01ff\u00bb closed_toggle_font=\u00bb||||||||\u00bb use_icon_font_size=\u00bbon\u00bb icon_font_size=\u00bb28px\u00bb toggle_icon=\u00bb&#xe050;||divi||400&#8243;]<strong><span style=\"color: #ba01ff;\">El XXXII Encuentro Nacional de Escuelas de Dise\u00f1o Gr\u00e1fico ENCUADRE comprando en nuestro sitio web tu boleto y registrando tus datos.<\/span><\/strong>[\/et_pb_accordion_item][et_pb_accordion_item title=\u00bb\u00bfC\u00f3mo participo en los talleres?\u00bb _builder_version=\u00bb4.17.4&#8243; _module_preset=\u00bbdefault\u00bb open=\u00bboff\u00bb hover_enabled=\u00bb0&#8243; sticky_enabled=\u00bb0&#8243; background_color=\u00bb#ffca1b\u00bb background_enable_color=\u00bbon\u00bb border_width_all=\u00bb0px\u00bb icon_color=\u00bb#ba01ff\u00bb closed_toggle_font=\u00bb||||||||\u00bb use_icon_font_size=\u00bbon\u00bb icon_font_size=\u00bb28px\u00bb toggle_icon=\u00bb&#xe050;||divi||400&#8243;]<\/p>\n<p><strong><span style=\"color: #ba01ff;\">S\u00f3lo inscr\u00edbete gratis en el taller que desees, con tu folio de boleto de conferencias y en los formatos de registro.<\/span><\/strong><\/p>\n<p>[\/et_pb_accordion_item][et_pb_accordion_item title=\u00bb\u00bfEl evento tiene alg\u00fan costo?\u00bb _builder_version=\u00bb4.17.4&#8243; _module_preset=\u00bbdefault\u00bb open=\u00bboff\u00bb hover_enabled=\u00bb0&#8243; sticky_enabled=\u00bb0&#8243; background_color=\u00bb#ffca1b\u00bb background_enable_color=\u00bbon\u00bb border_width_all=\u00bb0px\u00bb icon_color=\u00bb#ba01ff\u00bb closed_toggle_font=\u00bb||||||||\u00bb use_icon_font_size=\u00bbon\u00bb icon_font_size=\u00bb28px\u00bb toggle_icon=\u00bb&#xe050;||divi||400&#8243;]<strong><span style=\"color: #ba01ff;\">Tiene costo \u00fanico de $600.00 para participantes de escuelas afiliadas.<\/span><\/strong>[\/et_pb_accordion_item][et_pb_accordion_item title=\u00bb\u00bfD\u00f3nde se efectuar\u00e1 el evento?\u00bb _builder_version=\u00bb4.17.4&#8243; _module_preset=\u00bbdefault\u00bb open=\u00bboff\u00bb hover_enabled=\u00bb0&#8243; sticky_enabled=\u00bb0&#8243; background_color=\u00bb#ffca1b\u00bb background_enable_color=\u00bbon\u00bb border_width_all=\u00bb0px\u00bb icon_color=\u00bb#ba01ff\u00bb closed_toggle_font=\u00bb||||||||\u00bb use_icon_font_size=\u00bbon\u00bb icon_font_size=\u00bb28px\u00bb toggle_icon=\u00bb&#xe050;||divi||400&#8243;]<\/p>\n<p><strong><span style=\"color: #ba01ff;\">El XXXII Encuentro Nacional de Escuelas de Dise\u00f1o Gr\u00e1fico ENCUADRE tendr\u00e1 la sede en el IEST-AN\u00c1HUAC en Tampico, Tamaulipas.<\/span><\/strong><\/p>\n<p>[\/et_pb_accordion_item][et_pb_accordion_item title=\u00bb\u00bfDar\u00e1n constancia de participaci\u00f3n?\u00bb _builder_version=\u00bb4.17.4&#8243; _module_preset=\u00bbdefault\u00bb open=\u00bboff\u00bb hover_enabled=\u00bb0&#8243; sticky_enabled=\u00bb0&#8243; background_color=\u00bb#ffca1b\u00bb background_enable_color=\u00bbon\u00bb border_width_all=\u00bb0px\u00bb icon_color=\u00bb#ba01ff\u00bb closed_toggle_font=\u00bb||||||||\u00bb use_icon_font_size=\u00bbon\u00bb icon_font_size=\u00bb28px\u00bb toggle_icon=\u00bb&#xe050;||divi||400&#8243;]<strong><span style=\"color: #ba01ff;\">Todos los participantes recibir\u00e1n en su correo de manera digital una constancia de participaci\u00f3n tanto de taller como conferencias.<\/span><\/strong>[\/et_pb_accordion_item][et_pb_accordion_item title=\u00bb\u00bfCu\u00e1les son los datos de contacto?\u00bb _builder_version=\u00bb4.17.4&#8243; _module_preset=\u00bbdefault\u00bb open=\u00bboff\u00bb hover_enabled=\u00bb0&#8243; sticky_enabled=\u00bb0&#8243; background_color=\u00bb#ffca1b\u00bb background_enable_color=\u00bbon\u00bb border_width_all=\u00bb0px\u00bb icon_color=\u00bb#ba01ff\u00bb closed_toggle_font=\u00bb||||||||\u00bb use_icon_font_size=\u00bbon\u00bb icon_font_size=\u00bb28px\u00bb toggle_icon=\u00bb&#xe050;||divi||400&#8243;]<\/p>\n<p><strong><span style=\"color: #ba01ff;\">Puedes escribir al correo electr\u00f3nico <span style=\"text-decoration: underline;\"><a href=\"mailto:encuentro2022@encuadre.org\" target=\"_blank\" rel=\"noopener\" style=\"color: #ba01ff; text-decoration: underline;\">encuentro2022@encuadre.org<\/a><\/span><br \/>Tambi\u00e9n por nuestras redes sociales <span style=\"text-decoration: underline;\"><a href=\"https:\/\/www.instagram.com\/iestanahuac\/\" target=\"_blank\" rel=\"noopener\" style=\"color: #ba01ff; text-decoration: underline;\">Instagram<\/a><\/span> y <a href=\"https:\/\/www.facebook.com\/iestanahuac\/\" target=\"_blank\" rel=\"noopener\" style=\"color: #ba01ff;\"><span style=\"text-decoration: underline;\">FaceBook<\/span><\/a>.<br \/><\/span><\/strong><\/p>\n<p>[\/et_pb_accordion_item][et_pb_accordion_item title=\u00bb\u00bfQu\u00e9 universidades son anfitrionas?\u00bb _builder_version=\u00bb4.17.4&#8243; _module_preset=\u00bbdefault\u00bb open=\u00bboff\u00bb hover_enabled=\u00bb0&#8243; sticky_enabled=\u00bb0&#8243; background_color=\u00bb#ffca1b\u00bb background_enable_color=\u00bbon\u00bb border_width_all=\u00bb0px\u00bb icon_color=\u00bb#ba01ff\u00bb closed_toggle_font=\u00bb||||||||\u00bb use_icon_font_size=\u00bbon\u00bb icon_font_size=\u00bb28px\u00bb toggle_icon=\u00bb&#xe050;||divi||400&#8243;]<strong><span style=\"color: #ba01ff;\">Escuela de Dise\u00f1o Gr\u00e1fico IEST-AN\u00c1HUAC.<br \/>\n<\/span><\/strong>[\/et_pb_accordion_item][\/et_pb_accordion][\/et_pb_column][\/et_pb_row][\/et_pb_section][et_pb_section fb_built=\u00bb1&#8243; _builder_version=\u00bb4.16&#8243; background_color=\u00bb#228dff\u00bb custom_padding=\u00bb70px||0px|||\u00bb global_colors_info=\u00bb{}\u00bb][et_pb_row column_structure=\u00bb1_4,1_4,1_4,1_4&#8243; _builder_version=\u00bb4.17.4&#8243; width=\u00bb30%\u00bb global_colors_info=\u00bb{}\u00bb][et_pb_column type=\u00bb1_4&#8243; _builder_version=\u00bb4.16&#8243; custom_padding=\u00bb|||\u00bb global_colors_info=\u00bb{}\u00bb custom_padding__hover=\u00bb|||\u00bb][et_pb_image src=\u00bbhttps:\/\/encuadre.org\/encuentro2022\/wp-content\/uploads\/2022\/06\/hp_fb.png\u00bb _builder_version=\u00bb4.17.4&#8243; width=\u00bb100%\u00bb hover_enabled=\u00bb0&#8243; global_colors_info=\u00bb{}\u00bb url=\u00bbhttps:\/\/www.facebook.com\/iestanahuac\/\u00bb url_new_window=\u00bbon\u00bb sticky_enabled=\u00bb0&#8243;][\/et_pb_image][\/et_pb_column][et_pb_column type=\u00bb1_4&#8243; _builder_version=\u00bb4.16&#8243; custom_padding=\u00bb|||\u00bb global_colors_info=\u00bb{}\u00bb custom_padding__hover=\u00bb|||\u00bb][et_pb_image src=\u00bbhttps:\/\/encuadre.org\/encuentro2022\/wp-content\/uploads\/2022\/06\/hp_instagram.png\u00bb _builder_version=\u00bb4.17.4&#8243; width=\u00bb100%\u00bb hover_enabled=\u00bb0&#8243; global_colors_info=\u00bb{}\u00bb url=\u00bbhttps:\/\/www.instagram.com\/iestanahuac\/\u00bb url_new_window=\u00bbon\u00bb sticky_enabled=\u00bb0&#8243;][\/et_pb_image][\/et_pb_column][et_pb_column type=\u00bb1_4&#8243; _builder_version=\u00bb4.16&#8243; custom_padding=\u00bb|||\u00bb global_colors_info=\u00bb{}\u00bb custom_padding__hover=\u00bb|||\u00bb][et_pb_image src=\u00bbhttps:\/\/encuadre.org\/encuentro2022\/wp-content\/uploads\/2022\/06\/hp_twitter.png\u00bb _builder_version=\u00bb4.17.4&#8243; width=\u00bb100%\u00bb hover_enabled=\u00bb0&#8243; global_colors_info=\u00bb{}\u00bb sticky_enabled=\u00bb0&#8243; url=\u00bbhttps:\/\/twitter.com\/iestanahuac\u00bb url_new_window=\u00bbon\u00bb][\/et_pb_image][\/et_pb_column][et_pb_column type=\u00bb1_4&#8243; _builder_version=\u00bb4.16&#8243; custom_padding=\u00bb|||\u00bb global_colors_info=\u00bb{}\u00bb custom_padding__hover=\u00bb|||\u00bb][et_pb_image src=\u00bbhttps:\/\/encuadre.org\/encuentro2022\/wp-content\/uploads\/2022\/06\/hp_youtube.png\u00bb _builder_version=\u00bb4.17.4&#8243; width=\u00bb100%\u00bb hover_enabled=\u00bb0&#8243; global_colors_info=\u00bb{}\u00bb url=\u00bbhttps:\/\/www.youtube.com\/channel\/UCYHB9W0JSywr_HVJev1hP9Q\u00bb url_new_window=\u00bbon\u00bb sticky_enabled=\u00bb0&#8243;][\/et_pb_image][\/et_pb_column][\/et_pb_row][\/et_pb_section]<\/p>\n","protected":false},"excerpt":{"rendered":"<p>El XXXII Encuentro Nacional de Escuelas de Dise\u00f1o Gr\u00e1fico ENCUADRE comprando en nuestro sitio web tu boleto y registrando tus datos.S\u00f3lo inscr\u00edbete gratis en el taller que desees, con tu folio de boleto de conferencias y en los formatos de registro.Tiene costo \u00fanico de $600.00 para participantes de escuelas afiliadas.El XXXII Encuentro Nacional de Escuelas [&hellip;]<\/p>\n","protected":false},"author":1,"featured_media":0,"parent":0,"menu_order":0,"comment_status":"closed","ping_status":"closed","template":"","meta":{"_et_pb_use_builder":"on","_et_pb_old_content":"","_et_gb_content_width":""},"_links":{"self":[{"href":"https:\/\/encuadre.org\/encuentro2022\/wp-json\/wp\/v2\/pages\/215993"}],"collection":[{"href":"https:\/\/encuadre.org\/encuentro2022\/wp-json\/wp\/v2\/pages"}],"about":[{"href":"https:\/\/encuadre.org\/encuentro2022\/wp-json\/wp\/v2\/types\/page"}],"author":[{"embeddable":true,"href":"https:\/\/encuadre.org\/encuentro2022\/wp-json\/wp\/v2\/users\/1"}],"replies":[{"embeddable":true,"href":"https:\/\/encuadre.org\/encuentro2022\/wp-json\/wp\/v2\/comments?post=215993"}],"version-history":[{"count":13,"href":"https:\/\/encuadre.org\/encuentro2022\/wp-json\/wp\/v2\/pages\/215993\/revisions"}],"predecessor-version":[{"id":216025,"href":"https:\/\/encuadre.org\/encuentro2022\/wp-json\/wp\/v2\/pages\/215993\/revisions\/216025"}],"wp:attachment":[{"href":"https:\/\/encuadre.org\/encuentro2022\/wp-json\/wp\/v2\/media?parent=215993"}],"curies":[{"name":"wp","href":"https:\/\/api.w.org\/{rel}","templated":true}]}}